{"id":1998,"date":"2021-04-21T20:25:37","date_gmt":"2021-04-21T20:25:37","guid":{"rendered":"https:\/\/cloudforestcoffee.ca\/?page_id=1998"},"modified":"2024-02-09T17:57:45","modified_gmt":"2024-02-09T17:57:45","slug":"our-mission","status":"publish","type":"page","link":"https:\/\/cloudforestcoffee.ca\/fr\/our-mission\/","title":{"rendered":"Notre mission"},"content":{"rendered":"<!--themify_builder_content-->\n<div id=\"themify_builder_content-1998\" data-postid=\"1998\" class=\"themify_builder_content themify_builder_content-1998 themify_builder tf_clear\">\n                    <div  data-css_id=\"p7ac567\" data-lazy=\"1\" class=\"module_row themify_builder_row fullwidth_row_container tb_p7ac567 tb_first tf_w\" data-tbfullwidthvideo=\"https:\/\/cloudforestcoffee.ca\/wp-content\/uploads\/2021\/04\/cloudforestcoffee-background.mp4\">\n            <span  class=\"builder_row_cover tf_abs\" data-lazy=\"1\"><\/span>            <div class=\"row_inner gutter-none col_align_middle tb_col_count_2 tf_box tf_rel\">\n                        <div  data-lazy=\"1\" class=\"module_column tb-column col3-1 tb_fiki570 first\">\n                            <\/div>\n                    <div  data-lazy=\"1\" class=\"module_column tb-column col3-2 tb_w8c3571 last\">\n        <span  class=\"builder_row_cover tf_abs\" data-lazy=\"1\"><\/span>            <!-- module text -->\n<div  class=\"module module-text tb_t4f2273\" data-lazy=\"1\">\n        <div  class=\"tb_text_wrap\">\n        <h1>Qui nous sommes<\/h1>    <\/div>\n<\/div>\n<!-- \/module text --><!-- module text -->\n<div  class=\"module module-text tb_br8t394\" data-lazy=\"1\">\n        <div  class=\"tb_text_wrap\">\n        <h3 class=\"translation-block\">Un peu plus sur le caf\u00e9 CloudForest,  <br> les coop\u00e9ratives et la communaut\u00e9.<\/h3>    <\/div>\n<\/div>\n<!-- \/module text -->        <\/div>\n                        <\/div>\n        <\/div>\n                        <div  data-css_id=\"4xm8568\" data-lazy=\"1\" class=\"module_row themify_builder_row fullwidth tb_4xm8568 tf_w\">\n            <span  class=\"builder_row_cover tf_abs\" data-lazy=\"1\"><\/span>            <div class=\"row_inner col_align_top tb_col_count_4 tf_box tf_rel\">\n                        <div  data-lazy=\"1\" class=\"module_column tb-column col4-1 tb_thpj572 first\">\n                            <\/div>\n                    <div  data-lazy=\"1\" class=\"module_column tb-column col4-1 tb_ek9h573\">\n                    <!-- module text -->\n<div  class=\"module module-text tb_ssho573  repeat\" data-lazy=\"1\">\n        <div  class=\"tb_text_wrap\">\n        <div class=\"wpb_text_column wpb_content_element\">\n<div class=\"wpb_wrapper\">\n<h3>CloudForest Coffee est bas\u00e9 \u00e0 Ottawa et notre torr\u00e9faction est \u00e0 Hull, au Qu\u00e9bec. Nous importons du caf\u00e9 de l'Intag, une belle vall\u00e9e des Andes \u00e9quatoriennes.\u00a0<\/h3>\n<h5>La communaut\u00e9 d'o\u00f9 provient tout notre caf\u00e9 lutte contre l'exploration mini\u00e8re depuis 20 ans. Ils ont cr\u00e9\u00e9 une vision du d\u00e9veloppement qui n'inclut pas l'exploitation mini\u00e8re.<\/h5>\n<\/div>\n<\/div>    <\/div>\n<\/div>\n<!-- \/module text --><!-- module text -->\n<div  class=\"module module-text tb_smjl573  repeat\" data-lazy=\"1\">\n        <div  class=\"tb_text_wrap\">\n        <div class=\"block two text-container\">\n<p>Leur vision repose sur la conservation d\u2019un environnement sain, de sources d'eau s\u00fbres et de l'harmonie au sein de leurs communaut\u00e9s. Au lieu de permettre aux soci\u00e9t\u00e9s mini\u00e8res de d\u00e9vaster leur environnement vierge, ces communaut\u00e9s se sont tourn\u00e9es vers d\u2019autres formes de d\u00e9veloppement \u00e9conomique. Elles ont choisi de cultiver un caf\u00e9 biologique, et nous avons choisi de les accompagner dans leur d\u00e9marche.<\/p>\n<\/div>    <\/div>\n<\/div>\n<!-- \/module text -->        <\/div>\n                    <div  data-lazy=\"1\" class=\"module_column tb-column col4-1 tb_0x99573\">\n                    <!-- module text -->\n<div  class=\"module module-text tb_kmbu573  repeat\" data-lazy=\"1\">\n        <div  class=\"tb_text_wrap\">\n        <div class=\"block two text-container\">\n<p>Caf\u00e9 biologique de commerce direct provenant de la r\u00e9gion de l'Intag dans la province d'Imbabura en \u00c9quateur. Ce caf\u00e9 arabica de sp\u00e9cialit\u00e9 est cultiv\u00e9 \u00e0 l'ombre en haute altitude, et respecte ainsi l\u2019habitat des oiseaux.<\/p>\n<p>Caf\u00e9 CloudForest est une entreprise bas\u00e9e \u00e0 Ottawa. Notre caf\u00e9 est torr\u00e9fi\u00e9 \u00e0 Hull, Qu\u00e9bec. Ce caf\u00e9 savoureux est achet\u00e9 aupr\u00e8s d'une coop\u00e9rative d'agriculteurs appel\u00e9e AACRI. La coop\u00e9rative a \u00e9t\u00e9 cr\u00e9\u00e9e comme une alternative au d\u00e9veloppement minier dans la r\u00e9gion. La communaut\u00e9 r\u00e9siste aux soci\u00e9t\u00e9s mini\u00e8res depuis plus de vingt ans. La culture du caf\u00e9 biologique offre une alternative \u00e9conomique \u00e0 l'exploitation mini\u00e8re destructrice pour les communaut\u00e9s de la r\u00e9gion. Cultiv\u00e9 dans une vall\u00e9e de for\u00eat tropicale humide nich\u00e9e sur les pentes occidentales des Andes \u00e9quatoriennes, ce caf\u00e9 a un go\u00fbt tout \u00e0 fait unique.<\/p>\n<p>Soutenez cette communaut\u00e9 d'agriculteurs dans leur d\u00e9marche de conservation et de justice environnementale et d\u00e9gustez un merveilleux caf\u00e9 \u00e9quatorien!<\/p>\n<\/div>    <\/div>\n<\/div>\n<!-- \/module text -->        <\/div>\n                    <div  data-lazy=\"1\" class=\"module_column tb-column col4-1 tb_n882574 last\">\n                            <\/div>\n                        <\/div>\n        <\/div>\n                        <div  data-css_id=\"pan7568\" data-lazy=\"1\" class=\"module_row themify_builder_row fullwidth_row_container tb_pan7568 tf_w\">\n                        <div class=\"row_inner col_align_top tb_col_count_1 tf_box tf_rel\">\n                        <div  data-lazy=\"1\" class=\"module_column tb-column col-full tb_hdhf574 first\">\n                    <!-- module fancy heading -->\n<div  class=\"module module-fancy-heading tb_hsbo575\" data-lazy=\"1\">\n        <h3 class=\"fancy-heading tf_textc\">\n    <span class=\"main-head tf_block\">\n                    Les d\u00e9tails            <\/span>\n\n    \n    <span class=\"sub-head tf_block tf_rel\">\n                    C'est ce que nous faisons de mieux            <\/span>\n    <\/h3>\n<\/div>\n<!-- \/module fancy heading -->\n<!-- module image -->\n<div  class=\"module module-image tb_tv5t575 image-center   tf_mw\" data-lazy=\"1\">\n        <div class=\"image-wrap tf_rel tf_mw\">\n            <img loading=\"lazy\" decoding=\"async\" src=\"https:\/\/cloudforestcoffee.ca\/wp-content\/uploads\/2021\/04\/coffee-bean-divider-300x21.png\" width=\"300\" height=\"21\" class=\"wp-post-image wp-image-2004\" title=\"diviseur de grains de caf\u00e9\" alt=\"coffee-bean-divider\">    \n        <\/div>\n    <!-- \/image-wrap -->\n    \n        <\/div>\n<!-- \/module image -->        <div  data-lazy=\"1\" class=\"module_subrow themify_builder_sub_row tf_w col_align_top tb_col_count_3 tb_eyro575\">\n                <div  data-lazy=\"1\" class=\"module_column sub_column col3-1 tb_6h7a577 first\">\n                    <!-- module text -->\n<div  class=\"module module-text tb_cful577  repeat\" data-lazy=\"1\">\n        <div  class=\"tb_text_wrap\">\n        <p>5<\/p>    <\/div>\n<\/div>\n<!-- \/module text --><!-- module text -->\n<div  class=\"module module-text tb_kk8c577  repeat\" data-lazy=\"1\">\n        <div  class=\"tb_text_wrap\">\n        <h3>Profils de torr\u00e9faction de caf\u00e9<\/h3>\n<p class=\"translation-block\">Ouais. Nous en avons 5.<br>Lorsque nous cr\u00e9ons un m\u00e9lange de caf\u00e9, nous le perfectionnons 200 fois pour qu'il soit parfait.<\/p>    <\/div>\n<\/div>\n<!-- \/module text -->        <\/div>\n                    <div  data-lazy=\"1\" class=\"module_column sub_column col3-1 tb_y9ry578\">\n                    <!-- module text -->\n<div  class=\"module module-text tb_jpxi578  repeat\" data-lazy=\"1\">\n        <div  class=\"tb_text_wrap\">\n        <p>200<\/p>    <\/div>\n<\/div>\n<!-- \/module text --><!-- module text -->\n<div  class=\"module module-text tb_ltg2578  repeat\" data-lazy=\"1\">\n        <div  class=\"tb_text_wrap\">\n        <h3>Fermes <br> familiales<\/h3>\n<p>CloudForest aide \u00e0 soutenir les familles en travaillant avec notre coop\u00e9rative agricole. Cultiver des pratiques durables garantit un caf\u00e9 de qualit\u00e9.<\/p>    <\/div>\n<\/div>\n<!-- \/module text -->        <\/div>\n                    <div  data-lazy=\"1\" class=\"module_column sub_column col3-1 tb_unl6578 last\">\n                    <!-- module text -->\n<div  class=\"module module-text tb_yj3u578  repeat\" data-lazy=\"1\">\n        <div  class=\"tb_text_wrap\">\n        <p>2<\/p>    <\/div>\n<\/div>\n<!-- \/module text --><!-- module text -->\n<div  class=\"module module-text tb_bx8s579  repeat\" data-lazy=\"1\">\n        <div  class=\"tb_text_wrap\">\n        <h3>Caf\u00e9s <br> locaux<\/h3>\n<p>Nous sommes peut-\u00eatre petits, mais nous sommes puissants. Nous visons \u00e0 cro\u00eetre lentement pour limiter notre empreinte environnementale et prot\u00e9ger nos agriculteurs.<\/p>    <\/div>\n<\/div>\n<!-- \/module text -->        <\/div>\n                    <\/div>\n                <\/div>\n                        <\/div>\n        <\/div>\n        <\/div>\n<!--\/themify_builder_content-->","protected":false},"excerpt":{"rendered":"<p>\u00c0 propos de CloudForest Coffee, des coop\u00e9ratives et de la communaut\u00e9. CloudForest Coffee est bas\u00e9 \u00e0 Ottawa et notre torr\u00e9faction se trouve \u00e0 Hull, au Qu\u00e9bec. Nous importons du caf\u00e9 de l&#039;Intag, une magnifique vall\u00e9e des Andes \u00e9quatoriennes. La communaut\u00e9 aupr\u00e8s de laquelle nous nous approvisionnons en caf\u00e9 lutte contre l&#039;exploration mini\u00e8re depuis 20 ans. [\u2026]<\/p>","protected":false},"author":1,"featured_media":0,"parent":0,"menu_order":0,"comment_status":"closed","ping_status":"closed","template":"","meta":{"footnotes":""},"class_list":["post-1998","page","type-page","status-publish","hentry","has-post-title","has-post-date","has-post-category","has-post-tag","has-post-comment","has-post-author",""],"yoast_head":"<!-- This site is optimized with the Yoast SEO plugin v26.5 - https:\/\/yoast.com\/wordpress\/plugins\/seo\/ -->\n<title>Made in Canada | Fairtrade Coffee | Cooperatives | CloudForest<\/title>\n<meta name=\"description\" content=\"The cultivation of organic coffee provides an economic alternative to destructive mining for folks living in the region. Learn more about us!\" \/>\n<meta name=\"robots\" content=\"index, follow, max-snippet:-1, max-image-preview:large, max-video-preview:-1\" \/>\n<link rel=\"canonical\" href=\"https:\/\/cloudforestcoffee.ca\/fr\/our-mission\/\" \/>\n<meta property=\"og:locale\" content=\"fr_CA\" \/>\n<meta property=\"og:type\" content=\"article\" \/>\n<meta property=\"og:title\" content=\"Made in Canada | Fairtrade Coffee | Cooperatives | CloudForest\" \/>\n<meta property=\"og:description\" content=\"The cultivation of organic coffee provides an economic alternative to destructive mining for folks living in the region. Learn more about us!\" \/>\n<meta property=\"og:url\" content=\"https:\/\/cloudforestcoffee.ca\/fr\/our-mission\/\" \/>\n<meta property=\"og:site_name\" content=\"Cloud Forest Coffee\" \/>\n<meta property=\"article:modified_time\" content=\"2024-02-09T17:57:45+00:00\" \/>\n<meta property=\"og:image\" content=\"https:\/\/cloudforestcoffee.ca\/wp-content\/uploads\/2021\/04\/coffee-bean-divider-300x21.png\" \/>\n<meta name=\"twitter:card\" content=\"summary_large_image\" \/>\n<script type=\"application\/ld+json\" class=\"yoast-schema-graph\">{\"@context\":\"https:\/\/schema.org\",\"@graph\":[{\"@type\":\"WebPage\",\"@id\":\"https:\/\/cloudforestcoffee.ca\/our-mission\/\",\"url\":\"https:\/\/cloudforestcoffee.ca\/our-mission\/\",\"name\":\"Made in Canada | Fairtrade Coffee | Cooperatives | CloudForest\",\"isPartOf\":{\"@id\":\"https:\/\/cloudforestcoffee.ca\/#website\"},\"primaryImageOfPage\":{\"@id\":\"https:\/\/cloudforestcoffee.ca\/our-mission\/#primaryimage\"},\"image\":{\"@id\":\"https:\/\/cloudforestcoffee.ca\/our-mission\/#primaryimage\"},\"thumbnailUrl\":\"https:\/\/cloudforestcoffee.ca\/wp-content\/uploads\/2021\/04\/coffee-bean-divider-300x21.png\",\"datePublished\":\"2021-04-21T20:25:37+00:00\",\"dateModified\":\"2024-02-09T17:57:45+00:00\",\"description\":\"The cultivation of organic coffee provides an economic alternative to destructive mining for folks living in the region. Learn more about us!\",\"breadcrumb\":{\"@id\":\"https:\/\/cloudforestcoffee.ca\/our-mission\/#breadcrumb\"},\"inLanguage\":\"fr-CA\",\"potentialAction\":[{\"@type\":\"ReadAction\",\"target\":[\"https:\/\/cloudforestcoffee.ca\/our-mission\/\"]}]},{\"@type\":\"ImageObject\",\"inLanguage\":\"fr-CA\",\"@id\":\"https:\/\/cloudforestcoffee.ca\/our-mission\/#primaryimage\",\"url\":\"https:\/\/cloudforestcoffee.ca\/wp-content\/uploads\/2021\/04\/coffee-bean-divider-300x21.png\",\"contentUrl\":\"https:\/\/cloudforestcoffee.ca\/wp-content\/uploads\/2021\/04\/coffee-bean-divider-300x21.png\"},{\"@type\":\"BreadcrumbList\",\"@id\":\"https:\/\/cloudforestcoffee.ca\/our-mission\/#breadcrumb\",\"itemListElement\":[{\"@type\":\"ListItem\",\"position\":1,\"name\":\"Home\",\"item\":\"https:\/\/cloudforestcoffee.ca\/\"},{\"@type\":\"ListItem\",\"position\":2,\"name\":\"Our Mission\"}]},{\"@type\":\"WebSite\",\"@id\":\"https:\/\/cloudforestcoffee.ca\/#website\",\"url\":\"https:\/\/cloudforestcoffee.ca\/\",\"name\":\"Cloud Forest Coffee\",\"description\":\"Home\",\"publisher\":{\"@id\":\"https:\/\/cloudforestcoffee.ca\/#organization\"},\"potentialAction\":[{\"@type\":\"SearchAction\",\"target\":{\"@type\":\"EntryPoint\",\"urlTemplate\":\"https:\/\/cloudforestcoffee.ca\/?s={search_term_string}\"},\"query-input\":{\"@type\":\"PropertyValueSpecification\",\"valueRequired\":true,\"valueName\":\"search_term_string\"}}],\"inLanguage\":\"fr-CA\"},{\"@type\":\"Organization\",\"@id\":\"https:\/\/cloudforestcoffee.ca\/#organization\",\"name\":\"CloudForest Coffee\",\"url\":\"https:\/\/cloudforestcoffee.ca\/\",\"logo\":{\"@type\":\"ImageObject\",\"inLanguage\":\"fr-CA\",\"@id\":\"https:\/\/cloudforestcoffee.ca\/#\/schema\/logo\/image\/\",\"url\":\"https:\/\/cloudforestcoffee.ca\/wp-content\/uploads\/2021\/04\/CLOUD-FOREST-BLACK-1.png\",\"contentUrl\":\"https:\/\/cloudforestcoffee.ca\/wp-content\/uploads\/2021\/04\/CLOUD-FOREST-BLACK-1.png\",\"width\":4556,\"height\":890,\"caption\":\"CloudForest Coffee\"},\"image\":{\"@id\":\"https:\/\/cloudforestcoffee.ca\/#\/schema\/logo\/image\/\"}}]}<\/script>\n<!-- \/ Yoast SEO plugin. -->","yoast_head_json":{"title":"Fabriqu\u00e9 au Canada | Caf\u00e9 \u00e9quitable | Coop\u00e9ratives | CloudForest","description":"La culture du caf\u00e9 biologique offre une alternative \u00e9conomique \u00e0 l&#039;exploitation mini\u00e8re destructrice pour les populations locales. Apprenez-en plus sur nous\u00a0!","robots":{"index":"index","follow":"follow","max-snippet":"max-snippet:-1","max-image-preview":"max-image-preview:large","max-video-preview":"max-video-preview:-1"},"canonical":"https:\/\/cloudforestcoffee.ca\/fr\/our-mission\/","og_locale":"fr_CA","og_type":"article","og_title":"Made in Canada | Fairtrade Coffee | Cooperatives | CloudForest","og_description":"The cultivation of organic coffee provides an economic alternative to destructive mining for folks living in the region. Learn more about us!","og_url":"https:\/\/cloudforestcoffee.ca\/fr\/our-mission\/","og_site_name":"Cloud Forest Coffee","article_modified_time":"2024-02-09T17:57:45+00:00","og_image":[{"url":"https:\/\/cloudforestcoffee.ca\/wp-content\/uploads\/2021\/04\/coffee-bean-divider-300x21.png","type":"","width":"","height":""}],"twitter_card":"summary_large_image","schema":{"@context":"https:\/\/schema.org","@graph":[{"@type":"WebPage","@id":"https:\/\/cloudforestcoffee.ca\/our-mission\/","url":"https:\/\/cloudforestcoffee.ca\/our-mission\/","name":"Fabriqu\u00e9 au Canada | Caf\u00e9 \u00e9quitable | Coop\u00e9ratives | CloudForest","isPartOf":{"@id":"https:\/\/cloudforestcoffee.ca\/#website"},"primaryImageOfPage":{"@id":"https:\/\/cloudforestcoffee.ca\/our-mission\/#primaryimage"},"image":{"@id":"https:\/\/cloudforestcoffee.ca\/our-mission\/#primaryimage"},"thumbnailUrl":"https:\/\/cloudforestcoffee.ca\/wp-content\/uploads\/2021\/04\/coffee-bean-divider-300x21.png","datePublished":"2021-04-21T20:25:37+00:00","dateModified":"2024-02-09T17:57:45+00:00","description":"La culture du caf\u00e9 biologique offre une alternative \u00e9conomique \u00e0 l&#039;exploitation mini\u00e8re destructrice pour les populations locales. Apprenez-en plus sur nous\u00a0!","breadcrumb":{"@id":"https:\/\/cloudforestcoffee.ca\/our-mission\/#breadcrumb"},"inLanguage":"fr-CA","potentialAction":[{"@type":"ReadAction","target":["https:\/\/cloudforestcoffee.ca\/our-mission\/"]}]},{"@type":"ImageObject","inLanguage":"fr-CA","@id":"https:\/\/cloudforestcoffee.ca\/our-mission\/#primaryimage","url":"https:\/\/cloudforestcoffee.ca\/wp-content\/uploads\/2021\/04\/coffee-bean-divider-300x21.png","contentUrl":"https:\/\/cloudforestcoffee.ca\/wp-content\/uploads\/2021\/04\/coffee-bean-divider-300x21.png"},{"@type":"BreadcrumbList","@id":"https:\/\/cloudforestcoffee.ca\/our-mission\/#breadcrumb","itemListElement":[{"@type":"ListItem","position":1,"name":"Home","item":"https:\/\/cloudforestcoffee.ca\/"},{"@type":"ListItem","position":2,"name":"Our Mission"}]},{"@type":"WebSite","@id":"https:\/\/cloudforestcoffee.ca\/#website","url":"https:\/\/cloudforestcoffee.ca\/","name":"Caf\u00e9 CloudForest","description":"Maison","publisher":{"@id":"https:\/\/cloudforestcoffee.ca\/#organization"},"potentialAction":[{"@type":"SearchAction","target":{"@type":"EntryPoint","urlTemplate":"https:\/\/cloudforestcoffee.ca\/?s={search_term_string}"},"query-input":{"@type":"PropertyValueSpecification","valueRequired":true,"valueName":"search_term_string"}}],"inLanguage":"fr-CA"},{"@type":"Organization","@id":"https:\/\/cloudforestcoffee.ca\/#organization","name":"Caf\u00e9 CloudForest","url":"https:\/\/cloudforestcoffee.ca\/","logo":{"@type":"ImageObject","inLanguage":"fr-CA","@id":"https:\/\/cloudforestcoffee.ca\/#\/schema\/logo\/image\/","url":"https:\/\/cloudforestcoffee.ca\/wp-content\/uploads\/2021\/04\/CLOUD-FOREST-BLACK-1.png","contentUrl":"https:\/\/cloudforestcoffee.ca\/wp-content\/uploads\/2021\/04\/CLOUD-FOREST-BLACK-1.png","width":4556,"height":890,"caption":"CloudForest Coffee"},"image":{"@id":"https:\/\/cloudforestcoffee.ca\/#\/schema\/logo\/image\/"}}]}},"builder_content":"<h1>Who We Are<\/h1>\n<h3>A little about CloudForest coffee,<br \/>cooperatives, and community.<\/h3>\n<h3>CloudForest Coffee is based in Ottawa, and our Roastery is in Hull, Quebec. We import coffee from the Intag, a beautiful valley in the Ecuadorian Andes.\u00a0<\/h3> <h5>The community we source all of our coffee from, has been struggling against mineral exploration for 20 years. They have created a vision of development that does not include mining.<\/h5>\n<p>Their vision includes a healthy environment, safe sources of water, and harmony in their communities. Instead of allowing mining companies to devastate their pristine environment, many are pursuing different methods of economic growth. They have chosen to grow organic coffee, and we have chosen to support them on their quest.<\/p>\n<p>Organic direct-trade coffee that comes from the region of Intag in the province of Imbabura, Ecuador. This specialty Arabica coffee is shade grown at high altitudes, which also makes it bird-friendly.<\/p> <p>This tasty coffee is purchased from a farmers' co-operative called AACRI. The cooperative was started as an alternative to mining development in the region. The community has been resisting mining companies for over twenty years. The cultivation of organic coffee provides an economic alternative to destructive mining for folks living in the region. Grown in a cloud forest valley nestled in the western slopes of the Ecuadorean Andes, it has a totally unique taste. You can place an order and have coffee delivered to your home or business. Delivery is free if you are located in Ottawa\/Hull. Let the scent of freshly roasted coffee fill the room as you brew up a cup of the CloudForest.<\/p> <p>Support this community of farmers in their quest for sustainability and environmental justice and enjoy a wonderful Ecuadorian coffee!<\/p>\n<h3>The Details<br\/>It's what we do best<\/h3>\n<img src=\"https:\/\/cloudforestcoffee.ca\/wp-content\/uploads\/2021\/04\/coffee-bean-divider-300x21.png\" width=\"300\" height=\"21\" title=\"coffee-bean-divider\" alt=\"coffee-bean-divider\">\n<p>5<\/p>\n<h3>Coffee Roast Profiles<\/h3> <p>Yup. We have 5.<br \/>When we create a coffee blend,<br \/>we perfect it 200 times to make it right.<\/p>\n<p>200<\/p>\n<h3>Family Farms<\/h3> <p>CloudForest helps support families by working with our farmer-owned cooperative. Cultivating sustainable practices ensures quality coffee.<\/p>\n<p>2<\/p>\n<h3>Locations<\/h3> <p>We may be small, but we are mighty. We aim to grow slowly to limit our environmental footprint and protect our farmers.<\/p>","_links":{"self":[{"href":"https:\/\/cloudforestcoffee.ca\/fr\/wp-json\/wp\/v2\/pages\/1998","targetHints":{"allow":["GET"]}}],"collection":[{"href":"https:\/\/cloudforestcoffee.ca\/fr\/wp-json\/wp\/v2\/pages"}],"about":[{"href":"https:\/\/cloudforestcoffee.ca\/fr\/wp-json\/wp\/v2\/types\/page"}],"author":[{"embeddable":true,"href":"https:\/\/cloudforestcoffee.ca\/fr\/wp-json\/wp\/v2\/users\/1"}],"replies":[{"embeddable":true,"href":"https:\/\/cloudforestcoffee.ca\/fr\/wp-json\/wp\/v2\/comments?post=1998"}],"version-history":[{"count":3,"href":"https:\/\/cloudforestcoffee.ca\/fr\/wp-json\/wp\/v2\/pages\/1998\/revisions"}],"predecessor-version":[{"id":2824,"href":"https:\/\/cloudforestcoffee.ca\/fr\/wp-json\/wp\/v2\/pages\/1998\/revisions\/2824"}],"wp:attachment":[{"href":"https:\/\/cloudforestcoffee.ca\/fr\/wp-json\/wp\/v2\/media?parent=1998"}],"curies":[{"name":"wp","href":"https:\/\/api.w.org\/{rel}","templated":true}]}}