{"id":253,"date":"2016-03-24T12:53:54","date_gmt":"2016-03-24T12:53:54","guid":{"rendered":"https:\/\/cloudforestcoffee.ca\/?page_id=253"},"modified":"2025-05-19T17:42:40","modified_gmt":"2025-05-19T17:42:40","slug":"contact","status":"publish","type":"page","link":"https:\/\/cloudforestcoffee.ca\/fr\/contact\/","title":{"rendered":"Contactez-nous"},"content":{"rendered":"<!--themify_builder_content-->\n<div id=\"themify_builder_content-253\" data-postid=\"253\" class=\"themify_builder_content themify_builder_content-253 themify_builder tf_clear\">\n                    <div  data-lazy=\"1\" class=\"module_row themify_builder_row tb_h4fc713 tb_first tf_w\">\n            <span  class=\"builder_row_cover tf_abs\" data-lazy=\"1\"><\/span>            <div class=\"row_inner col_align_top tb_col_count_1 tf_box tf_rel\">\n                        <div  data-lazy=\"1\" class=\"module_column tb-column col-full tb_7del716 first\">\n                    <!-- module fancy heading -->\n<div  class=\"module module-fancy-heading tb_sm1x717\" data-lazy=\"1\">\n        <h1 class=\"fancy-heading tf_textc\">\n    <span class=\"main-head tf_block\">\n                    Contactez-nous            <\/span>\n\n    \n    <span class=\"sub-head tf_block tf_rel\">\n                                <\/span>\n    <\/h1>\n<\/div>\n<!-- \/module fancy heading -->\n<!-- module image -->\n<div  class=\"module module-image tb_183m719 image-center   tf_mw\" data-lazy=\"1\">\n        <div class=\"image-wrap tf_rel tf_mw\">\n            <img loading=\"lazy\" decoding=\"async\" width=\"300\" height=\"21\" src=\"https:\/\/cloudforestcoffee.ca\/wp-content\/uploads\/2021\/04\/coffee-bean-divider.png\" class=\"wp-post-image wp-image-2004\" title=\"diviseur de grains de caf\u00e9\" alt=\"coffee-bean-divider\">    \n        <\/div>\n    <!-- \/image-wrap -->\n    \n        <\/div>\n<!-- \/module image -->        <\/div>\n                        <\/div>\n        <\/div>\n                        <div  data-css_id=\"faiy714\" data-lazy=\"1\" class=\"module_row themify_builder_row fullwidth_row_container tb_faiy714 tf_w\">\n                        <div class=\"row_inner col_align_top tb_col_count_1 tf_box tf_rel\">\n                        <div  data-lazy=\"1\" class=\"module_column tb-column col-full tb_8niw720 first\">\n                            <div  data-lazy=\"1\" class=\"module_subrow themify_builder_sub_row tf_w col_align_middle tb_col_count_2 tb_9462418\">\n                <div  data-lazy=\"1\" class=\"module_column sub_column tb_zxb3418 first\">\n                    <!-- module fancy heading -->\n<div  class=\"module module-fancy-heading tb_xok7720  tb_hide_divider\" data-lazy=\"1\">\n        <h3 class=\"fancy-heading tf_textc\">\n    <span class=\"main-head tf_block\">\n                    Viens dire bonjour!            <\/span>\n\n    \n    <span class=\"sub-head tf_block tf_rel\">\n                    Contactez CloudForest!            <\/span>\n    <\/h3>\n<\/div>\n<!-- \/module fancy heading -->\n<!-- module image -->\n<div  class=\"module module-image tb_jtvl721 image-center   tf_mw\" data-lazy=\"1\">\n        <div class=\"image-wrap tf_rel tf_mw\">\n            <img loading=\"lazy\" decoding=\"async\" width=\"300\" height=\"21\" src=\"https:\/\/cloudforestcoffee.ca\/wp-content\/uploads\/2021\/04\/coffee-bean-divider.png\" class=\"wp-post-image wp-image-2004\" title=\"diviseur de grains de caf\u00e9\" alt=\"coffee-bean-divider\">    \n        <\/div>\n    <!-- \/image-wrap -->\n    \n        <\/div>\n<!-- \/module image --><!-- module template_part -->\n<div  class=\"module module-layout-part tb_0430518\">\n    <div class=\"tb_layout_part_wrap tf_w\"><!--themify_builder_content-->\n    <div  class=\"themify_builder_content themify_builder_content-2105 themify_builder not_editable_builder in_the_loop\" data-postid=\"2105\">\n                        <div  data-anchor=\"cafe\" data-css_id=\"b5kh564\" data-lazy=\"1\" class=\"module_row themify_builder_row fullwidth_row_container tb_has_section tb_section-cafe tb_b5kh564 tf_w\">\n                        <div class=\"row_inner col_align_top gutter-none tb_col_count_2 tf_box tf_rel\">\n                        <div  data-lazy=\"1\" class=\"module_column tb-column col4-2 tb_i5zi565 first\">\n        <span  class=\"builder_row_cover tf_abs\" data-lazy=\"1\"><\/span>            <!-- module fancy heading -->\n<div  class=\"module module-fancy-heading tb_guy6566  tb_hide_divider\" data-lazy=\"1\">\n        <h3 class=\"fancy-heading tf_textc\">\n    <span class=\"main-head tf_block\">\n                    Westboro            <\/span>\n\n    \n    <span class=\"sub-head tf_block tf_rel\">\n                    339 Rue Richmond <br>K2A 0E7, Ottawa            <\/span>\n    <\/h3>\n<\/div>\n<!-- \/module fancy heading -->\n<!-- module image -->\n<div  class=\"module module-image tb_jdyg567 image-center   tf_mw\" data-lazy=\"1\">\n        <div class=\"image-wrap tf_rel tf_mw\">\n            <img loading=\"lazy\" decoding=\"async\" src=\"https:\/\/cloudforestcoffee.ca\/wp-content\/uploads\/2021\/04\/coffee-bean-divider-300x21.png\" width=\"300\" height=\"21\" class=\"wp-post-image wp-image-2004\" title=\"diviseur de grains de caf\u00e9\" alt=\"coffee-bean-divider\">    \n        <\/div>\n    <!-- \/image-wrap -->\n    \n        <\/div>\n<!-- \/module image -->        <div  data-lazy=\"1\" class=\"module_subrow themify_builder_sub_row tf_w col_align_top tb_col_count_1 tb_rb97568\">\n                <div  data-lazy=\"1\" class=\"module_column sub_column col-full tb_9qfq569 first\">\n                    <!-- module text -->\n<div  class=\"module module-text tb_j87c199\" data-lazy=\"1\">\n        <div  class=\"tb_text_wrap\">\n        <h3 style=\"text-align: center;\">Heures d'ouverture<\/h3>\n<p style=\"text-align: center;\"><span style=\"font-size: 1em;\">Lun \u2013 Ven : 8h \u2013 17h<br><\/span>Sam : 8h30 \u2013 18h00<br>Dim : 8h30 \u2013 17h<\/p>    <\/div>\n<\/div>\n<!-- \/module text -->        <\/div>\n                    <\/div>\n                <\/div>\n                    <div  data-lazy=\"1\" class=\"module_column tb-column col4-2 tb_orab570 last\">\n        <span  class=\"builder_row_cover tf_abs\" data-lazy=\"1\"><\/span>            <!-- module fancy heading -->\n<div  class=\"module module-fancy-heading tb_ow06570  tb_hide_divider\" data-lazy=\"1\">\n        <h3 class=\"fancy-heading tf_textc\">\n    <span class=\"main-head tf_block\">\n                    Coque            <\/span>\n\n    \n    <span class=\"sub-head tf_block tf_rel\">\n                    63 Rue Eddy <br> J8X 2W1, Gatineau            <\/span>\n    <\/h3>\n<\/div>\n<!-- \/module fancy heading -->\n<!-- module image -->\n<div  class=\"module module-image tb_uo5l570 image-center   tf_mw\" data-lazy=\"1\">\n        <div class=\"image-wrap tf_rel tf_mw\">\n            <img loading=\"lazy\" decoding=\"async\" src=\"https:\/\/cloudforestcoffee.ca\/wp-content\/uploads\/2021\/04\/coffee-bean-divider-300x21.png\" width=\"300\" height=\"21\" class=\"wp-post-image wp-image-2004\" title=\"diviseur de grains de caf\u00e9\" alt=\"coffee-bean-divider\">    \n        <\/div>\n    <!-- \/image-wrap -->\n    \n        <\/div>\n<!-- \/module image -->        <div  data-lazy=\"1\" class=\"module_subrow themify_builder_sub_row tf_w col_align_top tb_col_count_1 tb_4vu9571\">\n                <div  data-lazy=\"1\" class=\"module_column sub_column col-full tb_iyov571 first\">\n                    <!-- module text -->\n<div  class=\"module module-text tb_8dwo752\" data-lazy=\"1\">\n        <div  class=\"tb_text_wrap\">\n        <h3>Heures d'ouverture<\/h3>\n<p>Lun \u2013 Ven : 8h \u2013 17h<br>Sam \u2013 Dim : 9h - 16h<\/p>    <\/div>\n<\/div>\n<!-- \/module text -->        <\/div>\n                    <\/div>\n                <\/div>\n                        <\/div>\n        <\/div>\n            <\/div>\n<!--\/themify_builder_content--><\/div>\n<\/div>\n<!-- \/module template_part -->        <\/div>\n                    <div  data-lazy=\"1\" class=\"module_column sub_column tb_9qhy418 last\">\n                    <!-- module gallery -->\n<div  class=\"module gallery module-gallery tb_1i4p750 layout-showcase rounded\" data-lazy=\"1\">\n        <div class=\"gallery-showcase-image\">\n        <div class=\"image-wrapper gallery-icon tf_rel\">\n            <img decoding=\"async\" src=\"https:\/\/cloudforestcoffee.ca\/wp-content\/uploads\/2025\/01\/June-5th-84-819x1024-399x500.jpg\" height=\"500\" class=\"wp-post-image wp-image-3162\" title=\"5 juin 1984\" alt=\"June 5th-84\" srcset=\"https:\/\/cloudforestcoffee.ca\/wp-content\/uploads\/2025\/01\/June-5th-84-819x1024-399x500.jpg 399w, https:\/\/cloudforestcoffee.ca\/wp-content\/uploads\/2025\/01\/June-5th-84-240x300.jpg 240w, https:\/\/cloudforestcoffee.ca\/wp-content\/uploads\/2025\/01\/June-5th-84-819x1024.jpg 819w, https:\/\/cloudforestcoffee.ca\/wp-content\/uploads\/2025\/01\/June-5th-84-768x960.jpg 768w, https:\/\/cloudforestcoffee.ca\/wp-content\/uploads\/2025\/01\/June-5th-84-1229x1536.jpg 1229w, https:\/\/cloudforestcoffee.ca\/wp-content\/uploads\/2025\/01\/June-5th-84-1638x2048.jpg 1638w, https:\/\/cloudforestcoffee.ca\/wp-content\/uploads\/2025\/01\/June-5th-84-10x12.jpg 10w, https:\/\/cloudforestcoffee.ca\/wp-content\/uploads\/2025\/01\/June-5th-84-600x750.jpg 600w, https:\/\/cloudforestcoffee.ca\/wp-content\/uploads\/2025\/01\/June-5th-84-48x60.jpg 48w, https:\/\/cloudforestcoffee.ca\/wp-content\/uploads\/2025\/01\/June-5th-84-72x90.jpg 72w, https:\/\/cloudforestcoffee.ca\/wp-content\/uploads\/2025\/01\/June-5th-84-scaled.jpg 2048w\" sizes=\"(max-width: 399px) 100vw, 399px\" \/>                    <\/div>\n    <\/div>\n    <div class=\"gallery-images tf_hidden\">\n                    <div class=\"gallery-icon\">\n                <a data-image=\"https:\/\/cloudforestcoffee.ca\/wp-content\/uploads\/2025\/01\/June-5th-84-819x1024-399x500.jpg\" title=\"5 juin 1984\" data-caption=\"\" href=\"#\"><img loading=\"lazy\" decoding=\"async\" src=\"https:\/\/cloudforestcoffee.ca\/wp-content\/uploads\/2025\/01\/June-5th-84-819x1024-300x200.jpg\" width=\"300\" height=\"200\" class=\"wp-post-image wp-image-3162\" title=\"5 juin 1984\" alt=\"June 5th-84\"><\/a>        <\/div>\n                    <div class=\"gallery-icon\">\n                <a data-image=\"https:\/\/cloudforestcoffee.ca\/wp-content\/uploads\/2025\/01\/20220821_122900-768x1024-375x500.jpg\" title=\"20220821_122900\" data-caption=\"\" href=\"#\"><img loading=\"lazy\" decoding=\"async\" src=\"https:\/\/cloudforestcoffee.ca\/wp-content\/uploads\/2025\/01\/20220821_122900-768x1024-300x200.jpg\" width=\"300\" height=\"200\" class=\"wp-post-image wp-image-3161\" title=\"20220821_122900\" alt=\"20220821_122900\"><\/a>        <\/div>\n                    <div class=\"gallery-icon\">\n                <a data-image=\"https:\/\/cloudforestcoffee.ca\/wp-content\/uploads\/2025\/01\/20230623_154120-768x1024-375x500.jpg\" title=\"20230623_154120\" data-caption=\"\" href=\"#\"><img loading=\"lazy\" decoding=\"async\" src=\"https:\/\/cloudforestcoffee.ca\/wp-content\/uploads\/2025\/01\/20230623_154120-768x1024-300x200.jpg\" width=\"300\" height=\"200\" class=\"wp-post-image wp-image-3160\" title=\"20230623_154120\" alt=\"20230623_154120\"><\/a>        <\/div>\n                    <div class=\"gallery-icon\">\n                <a data-image=\"https:\/\/cloudforestcoffee.ca\/wp-content\/uploads\/2025\/01\/IMG-20230505-WA0005-768x1024-375x500.jpg\" title=\"IMG-20230505-WA0005\" data-caption=\"\" href=\"#\"><img loading=\"lazy\" decoding=\"async\" src=\"https:\/\/cloudforestcoffee.ca\/wp-content\/uploads\/2025\/01\/IMG-20230505-WA0005-768x1024-300x200.jpg\" width=\"300\" height=\"200\" class=\"wp-post-image wp-image-3158\" title=\"IMG-20230505-WA0005\" alt=\"IMG-20230505-WA0005\"><\/a>        <\/div>\n            <\/div>\n<\/div>\n<!-- \/module gallery -->        <\/div>\n                    <\/div>\n                <\/div>\n                        <\/div>\n        <\/div>\n                        <div  data-lazy=\"1\" class=\"module_row themify_builder_row tb_lwnm714 tf_w\">\n            <span  class=\"builder_row_cover tf_abs\" data-lazy=\"1\"><\/span>            <div class=\"row_inner col_align_top tb_col_count_1 tf_box tf_rel\">\n                        <div  data-lazy=\"1\" class=\"module_column tb-column col-full tb_q1dj727 first\">\n                    <!-- module fancy heading -->\n<div  class=\"module module-fancy-heading tb_f3ea727\" data-lazy=\"1\">\n        <h3 class=\"fancy-heading tf_textc\">\n    <span class=\"main-head tf_block\">\n                    \u00c9crivez-nous            <\/span>\n\n    \n    <span class=\"sub-head tf_block tf_rel\">\n                                <\/span>\n    <\/h3>\n<\/div>\n<!-- \/module fancy heading -->\n<!-- module contact -->\n<div  id=\"tb_8pe8217\" class=\"module module-contact tb_8pe8217 contact-style2\" data-lazy=\"1\">\n    \n\t<form class=\"builder-contact\"\n\t\tid=\"tb_8pe8217-form\"\n\t\tmethod=\"post\"\n\t\tdata-post-id=\"253\"\n\t\tdata-element-id=\"8pe8217\"\n\t\tdata-orig-id=\"253\" action=\"\"\n\t>\n    <div class=\"contact-message\"><\/div>\n\t<div class=\"builder-contact-fields tf_rel\">\n\t\t    \t\t    <div class=\"builder-contact-field builder-contact-field-name builder-contact-text-field\">\n\t\t\t    <label class=\"control-label\" for=\"tb_8pe8217-contact-name\">\n\t\t\t\t\t\t\t\t\t\t<span class=\"tb-label-span\">Nom <\/span><span class=\"required\">*<\/span>\t\t\t\t<\/label>\n\t\t\t    <div class=\"control-input tf_rel\">\n\t\t\t\t    \t\t\t\t\t    <input type=\"text\" name=\"contact-name\" placeholder=\"\" id=\"tb_8pe8217-contact-name\" value=\"\" class=\"form-control\" required>\n\t\t\t\t    \t\t\t\t    \t\t\t    <\/div>\n\t\t<\/div>\n\t    \n\t\t    \t\t    <div class=\"builder-contact-field builder-contact-field-email builder-contact-text-field\">\n\t\t\t    <label class=\"control-label\" for=\"tb_8pe8217-contact-email\">\n\t\t\t\t\t\t\t\t\t\t<span class=\"tb-label-span\">Courriel <\/span><span class=\"required\">*<\/span>\t\t\t\t<\/label>\n\t\t\t    <div class=\"control-input tf_rel\">\n\t\t\t\t    \t\t\t\t\t    <input type=\"email\" name=\"contact-email\" placeholder=\"\" id=\"tb_8pe8217-contact-email\" value=\"\" class=\"form-control\" required>\n\t\t\t\t    \t\t\t\t    \t\t\t    <\/div>\n\t\t<\/div>\n\t    \n\t\t    \t\t    <div class=\"builder-contact-field builder-contact-field-subject builder-contact-text-field\">\n\t\t\t    <label class=\"control-label\" for=\"tb_8pe8217-contact-subject\">\n\t\t\t\t\t\t\t\t\t\t<span class=\"tb-label-span\">Sujet <\/span><span class=\"required\">*<\/span>\t\t\t\t<\/label>\n\t\t\t    <div class=\"control-input tf_rel\">\n\t\t\t\t    \t\t\t\t\t    <input type=\"text\" name=\"contact-subject\" placeholder=\"\" id=\"tb_8pe8217-contact-subject\" value=\"\" class=\"form-control\" required>\n\t\t\t\t    \t\t\t\t    \t\t\t    <\/div>\n\t\t<\/div>\n\t    \n\t\t    \t\t    <div class=\"builder-contact-field builder-contact-field-message builder-contact-textarea-field\">\n\t\t\t    <label class=\"control-label\" for=\"tb_8pe8217-contact-message\">\n\t\t\t\t\t\t\t\t\t\t<span class=\"tb-label-span\">Message <\/span>\t\t\t\t<\/label>\n\t\t\t    <div class=\"control-input tf_rel\">\n\t\t\t\t    \t\t\t\t\t    <textarea name=\"contact-message\" placeholder=\"\" id=\"tb_8pe8217-contact-message\" class=\"form-control\"><\/textarea>\n\t\t\t\t    \t\t\t\t    \t\t\t    <\/div>\n\t\t<\/div>\n\t    \n\t\t    \t\t\n\t\t\n\t    \n\t    <div class=\"builder-contact-field builder-contact-field-send control-input tf_textl tf_clear tf_rel\">\n\t\t\t<button type=\"submit\" class=\"btn btn-primary\">\n\t\t\t\t<span class=\"tf_loader\"><\/span>\t\t\t\t<span class=\"tf_submit_icon\"><\/span> \n\t\t\t\tSoumission\t\t\t<\/button>\n\t    <\/div>\n\t<\/div>\n    <input type=\"hidden\" name=\"trp-form-language\" value=\"fr\"\/><\/form>\n    <\/div>\n<!-- \/module contact -->\n        <\/div>\n                        <\/div>\n        <\/div>\n                        <div  data-css_id=\"hipd714\" data-lazy=\"1\" class=\"module_row themify_builder_row fullwidth tb_hipd714 tf_w\">\n                        <div class=\"row_inner col_align_top tb_col_count_1 tf_box tf_rel\">\n                        <div  data-lazy=\"1\" class=\"module_column tb-column col-full tb_x27f728 first\">\n                            <\/div>\n                        <\/div>\n        <\/div>\n        <\/div>\n<!--\/themify_builder_content-->","protected":false},"excerpt":{"rendered":"<p>Contactez-nous Venez nous dire bonjour ! Contactez CloudForest Coffee Westboro 339, chemin Richmond, K2A 0E7, Ottawa Heures d&#039;ouverture Lun \u2013 Jeu : 8 h \u2013 17 h Ven \u2013 Sam : 8 h \u2013 18 h Dim : 9 h \u2013 17 h Hull 63, rue Eddy, J8X 2W1, Gatineau Heures d&#039;ouverture Lun \u2013 Ven : 8 h \u2013 17 h Sam : 8 h \u2013 15 h Dim : 9 h \u2013 [\u2026]<\/p>","protected":false},"author":1,"featured_media":0,"parent":0,"menu_order":0,"comment_status":"closed","ping_status":"closed","template":"","meta":{"footnotes":""},"class_list":["post-253","page","type-page","status-publish","hentry","has-post-title","has-post-date","has-post-category","has-post-tag","has-post-comment","has-post-author",""],"yoast_head":"<!-- This site is optimized with the Yoast SEO plugin v26.5 - https:\/\/yoast.com\/wordpress\/plugins\/seo\/ -->\n<title>Made in Canada | Direct Trade | Order Online | CloudForest Coffee<\/title>\n<meta name=\"description\" content=\"Curious to learn more about CloudForest Coffee? Get in touch, and be sure to check us out on Instagram: @cloudforestcoffee ... We can&#039;t wait!\" \/>\n<meta name=\"robots\" content=\"index, follow, max-snippet:-1, max-image-preview:large, max-video-preview:-1\" \/>\n<link rel=\"canonical\" href=\"https:\/\/cloudforestcoffee.ca\/fr\/contact\/\" \/>\n<meta property=\"og:locale\" content=\"fr_CA\" \/>\n<meta property=\"og:type\" content=\"article\" \/>\n<meta property=\"og:title\" content=\"Made in Canada | Direct Trade | Order Online | CloudForest Coffee\" \/>\n<meta property=\"og:description\" content=\"Curious to learn more about CloudForest Coffee? Get in touch, and be sure to check us out on Instagram: @cloudforestcoffee ... We can&#039;t wait!\" \/>\n<meta property=\"og:url\" content=\"https:\/\/cloudforestcoffee.ca\/fr\/contact\/\" \/>\n<meta property=\"og:site_name\" content=\"Cloud Forest Coffee\" \/>\n<meta property=\"article:modified_time\" content=\"2025-05-19T17:42:40+00:00\" \/>\n<meta property=\"og:image\" content=\"https:\/\/cloudforestcoffee.ca\/wp-content\/uploads\/2025\/01\/June-5th-84-150x150.jpg\" \/>\n<meta name=\"twitter:card\" content=\"summary_large_image\" \/>\n<script type=\"application\/ld+json\" class=\"yoast-schema-graph\">{\"@context\":\"https:\/\/schema.org\",\"@graph\":[{\"@type\":\"WebPage\",\"@id\":\"https:\/\/cloudforestcoffee.ca\/contact\/\",\"url\":\"https:\/\/cloudforestcoffee.ca\/contact\/\",\"name\":\"Made in Canada | Direct Trade | Order Online | CloudForest Coffee\",\"isPartOf\":{\"@id\":\"https:\/\/cloudforestcoffee.ca\/#website\"},\"primaryImageOfPage\":{\"@id\":\"https:\/\/cloudforestcoffee.ca\/contact\/#primaryimage\"},\"image\":{\"@id\":\"https:\/\/cloudforestcoffee.ca\/contact\/#primaryimage\"},\"thumbnailUrl\":\"https:\/\/cloudforestcoffee.ca\/wp-content\/uploads\/2021\/04\/coffee-bean-divider.png\",\"datePublished\":\"2016-03-24T12:53:54+00:00\",\"dateModified\":\"2025-05-19T17:42:40+00:00\",\"description\":\"Curious to learn more about CloudForest Coffee? Get in touch, and be sure to check us out on Instagram: @cloudforestcoffee ... We can't wait!\",\"breadcrumb\":{\"@id\":\"https:\/\/cloudforestcoffee.ca\/contact\/#breadcrumb\"},\"inLanguage\":\"fr-CA\",\"potentialAction\":[{\"@type\":\"ReadAction\",\"target\":[\"https:\/\/cloudforestcoffee.ca\/contact\/\"]}]},{\"@type\":\"ImageObject\",\"inLanguage\":\"fr-CA\",\"@id\":\"https:\/\/cloudforestcoffee.ca\/contact\/#primaryimage\",\"url\":\"https:\/\/cloudforestcoffee.ca\/wp-content\/uploads\/2021\/04\/coffee-bean-divider.png\",\"contentUrl\":\"https:\/\/cloudforestcoffee.ca\/wp-content\/uploads\/2021\/04\/coffee-bean-divider.png\"},{\"@type\":\"BreadcrumbList\",\"@id\":\"https:\/\/cloudforestcoffee.ca\/contact\/#breadcrumb\",\"itemListElement\":[{\"@type\":\"ListItem\",\"position\":1,\"name\":\"Home\",\"item\":\"https:\/\/cloudforestcoffee.ca\/\"},{\"@type\":\"ListItem\",\"position\":2,\"name\":\"Contact Us\"}]},{\"@type\":\"WebSite\",\"@id\":\"https:\/\/cloudforestcoffee.ca\/#website\",\"url\":\"https:\/\/cloudforestcoffee.ca\/\",\"name\":\"Cloud Forest Coffee\",\"description\":\"Home\",\"publisher\":{\"@id\":\"https:\/\/cloudforestcoffee.ca\/#organization\"},\"potentialAction\":[{\"@type\":\"SearchAction\",\"target\":{\"@type\":\"EntryPoint\",\"urlTemplate\":\"https:\/\/cloudforestcoffee.ca\/?s={search_term_string}\"},\"query-input\":{\"@type\":\"PropertyValueSpecification\",\"valueRequired\":true,\"valueName\":\"search_term_string\"}}],\"inLanguage\":\"fr-CA\"},{\"@type\":\"Organization\",\"@id\":\"https:\/\/cloudforestcoffee.ca\/#organization\",\"name\":\"CloudForest Coffee\",\"url\":\"https:\/\/cloudforestcoffee.ca\/\",\"logo\":{\"@type\":\"ImageObject\",\"inLanguage\":\"fr-CA\",\"@id\":\"https:\/\/cloudforestcoffee.ca\/#\/schema\/logo\/image\/\",\"url\":\"https:\/\/cloudforestcoffee.ca\/wp-content\/uploads\/2021\/04\/CLOUD-FOREST-BLACK-1.png\",\"contentUrl\":\"https:\/\/cloudforestcoffee.ca\/wp-content\/uploads\/2021\/04\/CLOUD-FOREST-BLACK-1.png\",\"width\":4556,\"height\":890,\"caption\":\"CloudForest Coffee\"},\"image\":{\"@id\":\"https:\/\/cloudforestcoffee.ca\/#\/schema\/logo\/image\/\"}}]}<\/script>\n<!-- \/ Yoast SEO plugin. -->","yoast_head_json":{"title":"Fabriqu\u00e9 au Canada | Commerce \u00e9quitable | Commander en ligne | Caf\u00e9 CloudForest","description":"Envie d&#039;en savoir plus sur CloudForest Coffee\u00a0? Contactez-nous et suivez-nous sur Instagram\u00a0: @cloudforestcoffee\u2026 On a h\u00e2te\u00a0!","robots":{"index":"index","follow":"follow","max-snippet":"max-snippet:-1","max-image-preview":"max-image-preview:large","max-video-preview":"max-video-preview:-1"},"canonical":"https:\/\/cloudforestcoffee.ca\/fr\/contact\/","og_locale":"fr_CA","og_type":"article","og_title":"Made in Canada | Direct Trade | Order Online | CloudForest Coffee","og_description":"Curious to learn more about CloudForest Coffee? Get in touch, and be sure to check us out on Instagram: @cloudforestcoffee ... We can't wait!","og_url":"https:\/\/cloudforestcoffee.ca\/fr\/contact\/","og_site_name":"Cloud Forest Coffee","article_modified_time":"2025-05-19T17:42:40+00:00","og_image":[{"url":"https:\/\/cloudforestcoffee.ca\/wp-content\/uploads\/2025\/01\/June-5th-84-150x150.jpg","type":"","width":"","height":""}],"twitter_card":"summary_large_image","schema":{"@context":"https:\/\/schema.org","@graph":[{"@type":"WebPage","@id":"https:\/\/cloudforestcoffee.ca\/contact\/","url":"https:\/\/cloudforestcoffee.ca\/contact\/","name":"Fabriqu\u00e9 au Canada | Commerce \u00e9quitable | Commander en ligne | Caf\u00e9 CloudForest","isPartOf":{"@id":"https:\/\/cloudforestcoffee.ca\/#website"},"primaryImageOfPage":{"@id":"https:\/\/cloudforestcoffee.ca\/contact\/#primaryimage"},"image":{"@id":"https:\/\/cloudforestcoffee.ca\/contact\/#primaryimage"},"thumbnailUrl":"https:\/\/cloudforestcoffee.ca\/wp-content\/uploads\/2021\/04\/coffee-bean-divider.png","datePublished":"2016-03-24T12:53:54+00:00","dateModified":"2025-05-19T17:42:40+00:00","description":"Envie d&#039;en savoir plus sur CloudForest Coffee\u00a0? Contactez-nous et suivez-nous sur Instagram\u00a0: @cloudforestcoffee\u2026 On a h\u00e2te\u00a0!","breadcrumb":{"@id":"https:\/\/cloudforestcoffee.ca\/contact\/#breadcrumb"},"inLanguage":"fr-CA","potentialAction":[{"@type":"ReadAction","target":["https:\/\/cloudforestcoffee.ca\/contact\/"]}]},{"@type":"ImageObject","inLanguage":"fr-CA","@id":"https:\/\/cloudforestcoffee.ca\/contact\/#primaryimage","url":"https:\/\/cloudforestcoffee.ca\/wp-content\/uploads\/2021\/04\/coffee-bean-divider.png","contentUrl":"https:\/\/cloudforestcoffee.ca\/wp-content\/uploads\/2021\/04\/coffee-bean-divider.png"},{"@type":"BreadcrumbList","@id":"https:\/\/cloudforestcoffee.ca\/contact\/#breadcrumb","itemListElement":[{"@type":"ListItem","position":1,"name":"Home","item":"https:\/\/cloudforestcoffee.ca\/"},{"@type":"ListItem","position":2,"name":"Contact Us"}]},{"@type":"WebSite","@id":"https:\/\/cloudforestcoffee.ca\/#website","url":"https:\/\/cloudforestcoffee.ca\/","name":"Caf\u00e9 CloudForest","description":"Maison","publisher":{"@id":"https:\/\/cloudforestcoffee.ca\/#organization"},"potentialAction":[{"@type":"SearchAction","target":{"@type":"EntryPoint","urlTemplate":"https:\/\/cloudforestcoffee.ca\/?s={search_term_string}"},"query-input":{"@type":"PropertyValueSpecification","valueRequired":true,"valueName":"search_term_string"}}],"inLanguage":"fr-CA"},{"@type":"Organization","@id":"https:\/\/cloudforestcoffee.ca\/#organization","name":"Caf\u00e9 CloudForest","url":"https:\/\/cloudforestcoffee.ca\/","logo":{"@type":"ImageObject","inLanguage":"fr-CA","@id":"https:\/\/cloudforestcoffee.ca\/#\/schema\/logo\/image\/","url":"https:\/\/cloudforestcoffee.ca\/wp-content\/uploads\/2021\/04\/CLOUD-FOREST-BLACK-1.png","contentUrl":"https:\/\/cloudforestcoffee.ca\/wp-content\/uploads\/2021\/04\/CLOUD-FOREST-BLACK-1.png","width":4556,"height":890,"caption":"CloudForest Coffee"},"image":{"@id":"https:\/\/cloudforestcoffee.ca\/#\/schema\/logo\/image\/"}}]}},"builder_content":"<h1>Contact Us<br\/><\/h1>\n<img src=\"https:\/\/cloudforestcoffee.ca\/wp-content\/uploads\/2021\/04\/coffee-bean-divider.png\" title=\"coffee-bean-divider\" alt=\"coffee-bean-divider\">\n<h3>Come say hi!<br\/>Get in touch with CloudForest Coffee<\/h3>\n<img src=\"https:\/\/cloudforestcoffee.ca\/wp-content\/uploads\/2021\/04\/coffee-bean-divider.png\" title=\"coffee-bean-divider\" alt=\"coffee-bean-divider\">\n[gallery ids=\"3162,3161,3160,3158\"]\n<h3>Write To Us<br\/><\/h3>\n<form id=\"tb_8pe8217-form\" method=\"post\" data-post-id=\"0\" data-element-id=\"8pe8217\" data-orig-id=\"253\" > <label for=\"tb_8pe8217-contact-name\"> Name * <\/label> <input type=\"text\" name=\"contact-name\" placeholder=\"\" id=\"tb_8pe8217-contact-name\" value=\"\" required> <label for=\"tb_8pe8217-contact-email\"> Email * <\/label> <input type=\"email\" name=\"contact-email\" placeholder=\"\" id=\"tb_8pe8217-contact-email\" value=\"\" required> <label for=\"tb_8pe8217-contact-subject\"> Subject * <\/label> <input type=\"text\" name=\"contact-subject\" placeholder=\"\" id=\"tb_8pe8217-contact-subject\" value=\"\" required> <label for=\"tb_8pe8217-contact-message\"> Message <\/label> <textarea name=\"contact-message\" placeholder=\"\" id=\"tb_8pe8217-contact-message\"><\/textarea> <button type=\"submit\"> Send <\/button> <\/form>","_links":{"self":[{"href":"https:\/\/cloudforestcoffee.ca\/fr\/wp-json\/wp\/v2\/pages\/253","targetHints":{"allow":["GET"]}}],"collection":[{"href":"https:\/\/cloudforestcoffee.ca\/fr\/wp-json\/wp\/v2\/pages"}],"about":[{"href":"https:\/\/cloudforestcoffee.ca\/fr\/wp-json\/wp\/v2\/types\/page"}],"author":[{"embeddable":true,"href":"https:\/\/cloudforestcoffee.ca\/fr\/wp-json\/wp\/v2\/users\/1"}],"replies":[{"embeddable":true,"href":"https:\/\/cloudforestcoffee.ca\/fr\/wp-json\/wp\/v2\/comments?post=253"}],"version-history":[{"count":10,"href":"https:\/\/cloudforestcoffee.ca\/fr\/wp-json\/wp\/v2\/pages\/253\/revisions"}],"predecessor-version":[{"id":3444,"href":"https:\/\/cloudforestcoffee.ca\/fr\/wp-json\/wp\/v2\/pages\/253\/revisions\/3444"}],"wp:attachment":[{"href":"https:\/\/cloudforestcoffee.ca\/fr\/wp-json\/wp\/v2\/media?parent=253"}],"curies":[{"name":"wp","href":"https:\/\/api.w.org\/{rel}","templated":true}]}}