{"id":1737,"date":"2020-09-08T16:04:29","date_gmt":"2020-09-08T16:04:29","guid":{"rendered":"https:\/\/cloudforestcoffee.ca\/?post_type=product&#038;p=1737"},"modified":"2025-12-11T17:39:07","modified_gmt":"2025-12-11T17:39:07","slug":"decaf-dark-roast-coffee","status":"publish","type":"product","link":"https:\/\/cloudforestcoffee.ca\/fr\/produit\/decaf-dark-roast-coffee\/","title":{"rendered":"Caf\u00e9 Decaf"},"content":{"rendered":"<p>Notre caf\u00e9 d\u00e9caf\u00e9in\u00e9 est une torr\u00e9faction riche et aromatique et pr\u00e9sente des notes de d\u00e9gustation de chocolat, de caramel et de noix.<\/p>\n<!--themify_builder_content-->\n<div id=\"themify_builder_content-1737\" data-postid=\"1737\" class=\"themify_builder_content themify_builder_content-1737 themify_builder tf_clear\">\n    <\/div>\n<!--\/themify_builder_content-->","protected":false},"excerpt":{"rendered":"<p>Notre caf\u00e9 d\u00e9caf\u00e9in\u00e9 est une torr\u00e9faction riche et aromatique et pr\u00e9sente des notes de d\u00e9gustation de chocolat, de caramel et de noix.<\/p>","protected":false},"featured_media":2101,"comment_status":"closed","ping_status":"closed","template":"","meta":[],"product_brand":[],"product_cat":[21],"product_tag":[],"class_list":{"0":"post-1737","1":"product","2":"type-product","3":"status-publish","4":"has-post-thumbnail","6":"product_cat-dark-roast","7":"has-subscription-plans","8":"has-post-title","9":"has-post-date","10":"has-post-category","11":"has-post-tag","12":"has-post-comment","13":"has-post-author","14":"","16":"first","17":"instock","18":"purchasable","19":"product-type-variable"},"yoast_head":"<!-- This site is optimized with the Yoast SEO plugin v26.5 - https:\/\/yoast.com\/wordpress\/plugins\/seo\/ -->\n<title>Decaf Roast | Direct Trade Canadian Coffee | CloudForest Online<\/title>\n<meta name=\"description\" content=\"Enjoy the full body flavour of CloudForest Coffee with none of the edge. Our decaf options are perfect for such an occasion.\" \/>\n<meta name=\"robots\" content=\"index, follow, max-snippet:-1, max-image-preview:large, max-video-preview:-1\" \/>\n<link rel=\"canonical\" href=\"https:\/\/cloudforestcoffee.ca\/fr\/produit\/decaf-dark-roast-coffee\/\" \/>\n<meta property=\"og:locale\" content=\"fr_CA\" \/>\n<meta property=\"og:type\" content=\"article\" \/>\n<meta property=\"og:title\" content=\"Decaf Roast | Direct Trade Canadian Coffee | CloudForest Online\" \/>\n<meta property=\"og:description\" content=\"Enjoy the full body flavour of CloudForest Coffee with none of the edge. Our decaf options are perfect for such an occasion.\" \/>\n<meta property=\"og:url\" content=\"https:\/\/cloudforestcoffee.ca\/fr\/produit\/decaf-dark-roast-coffee\/\" \/>\n<meta property=\"og:site_name\" content=\"Cloud Forest Coffee\" \/>\n<meta property=\"article:modified_time\" content=\"2025-12-11T17:39:07+00:00\" \/>\n<meta property=\"og:image\" content=\"https:\/\/cloudforestcoffee.ca\/wp-content\/uploads\/2020\/09\/cloudforest3999.jpg\" \/>\n\t<meta property=\"og:image:width\" content=\"1000\" \/>\n\t<meta property=\"og:image:height\" content=\"1000\" \/>\n\t<meta property=\"og:image:type\" content=\"image\/jpeg\" \/>\n<meta name=\"twitter:card\" content=\"summary_large_image\" \/>\n<script type=\"application\/ld+json\" class=\"yoast-schema-graph\">{\"@context\":\"https:\/\/schema.org\",\"@graph\":[{\"@type\":[\"WebPage\",\"ItemPage\"],\"@id\":\"https:\/\/cloudforestcoffee.ca\/product\/decaf-dark-roast-coffee\/\",\"url\":\"https:\/\/cloudforestcoffee.ca\/product\/decaf-dark-roast-coffee\/\",\"name\":\"Decaf Roast | Direct Trade Canadian Coffee | CloudForest Online\",\"isPartOf\":{\"@id\":\"https:\/\/cloudforestcoffee.ca\/#website\"},\"primaryImageOfPage\":{\"@id\":\"https:\/\/cloudforestcoffee.ca\/product\/decaf-dark-roast-coffee\/#primaryimage\"},\"image\":{\"@id\":\"https:\/\/cloudforestcoffee.ca\/product\/decaf-dark-roast-coffee\/#primaryimage\"},\"thumbnailUrl\":\"https:\/\/cloudforestcoffee.ca\/wp-content\/uploads\/2020\/09\/cloudforest3999.jpg\",\"datePublished\":\"2020-09-08T16:04:29+00:00\",\"dateModified\":\"2025-12-11T17:39:07+00:00\",\"description\":\"Enjoy the full body flavour of CloudForest Coffee with none of the edge. Our decaf options are perfect for such an occasion.\",\"breadcrumb\":{\"@id\":\"https:\/\/cloudforestcoffee.ca\/product\/decaf-dark-roast-coffee\/#breadcrumb\"},\"inLanguage\":\"fr-CA\",\"potentialAction\":[{\"@type\":\"ReadAction\",\"target\":[\"https:\/\/cloudforestcoffee.ca\/product\/decaf-dark-roast-coffee\/\"]}]},{\"@type\":\"ImageObject\",\"inLanguage\":\"fr-CA\",\"@id\":\"https:\/\/cloudforestcoffee.ca\/product\/decaf-dark-roast-coffee\/#primaryimage\",\"url\":\"https:\/\/cloudforestcoffee.ca\/wp-content\/uploads\/2020\/09\/cloudforest3999.jpg\",\"contentUrl\":\"https:\/\/cloudforestcoffee.ca\/wp-content\/uploads\/2020\/09\/cloudforest3999.jpg\",\"width\":1000,\"height\":1000},{\"@type\":\"BreadcrumbList\",\"@id\":\"https:\/\/cloudforestcoffee.ca\/product\/decaf-dark-roast-coffee\/#breadcrumb\",\"itemListElement\":[{\"@type\":\"ListItem\",\"position\":1,\"name\":\"Home\",\"item\":\"https:\/\/cloudforestcoffee.ca\/\"},{\"@type\":\"ListItem\",\"position\":2,\"name\":\"Shop\",\"item\":\"https:\/\/cloudforestcoffee.ca\/shop\/\"},{\"@type\":\"ListItem\",\"position\":3,\"name\":\"Decaf Coffee\"}]},{\"@type\":\"WebSite\",\"@id\":\"https:\/\/cloudforestcoffee.ca\/#website\",\"url\":\"https:\/\/cloudforestcoffee.ca\/\",\"name\":\"Cloud Forest Coffee\",\"description\":\"Home\",\"publisher\":{\"@id\":\"https:\/\/cloudforestcoffee.ca\/#organization\"},\"potentialAction\":[{\"@type\":\"SearchAction\",\"target\":{\"@type\":\"EntryPoint\",\"urlTemplate\":\"https:\/\/cloudforestcoffee.ca\/?s={search_term_string}\"},\"query-input\":{\"@type\":\"PropertyValueSpecification\",\"valueRequired\":true,\"valueName\":\"search_term_string\"}}],\"inLanguage\":\"fr-CA\"},{\"@type\":\"Organization\",\"@id\":\"https:\/\/cloudforestcoffee.ca\/#organization\",\"name\":\"CloudForest Coffee\",\"url\":\"https:\/\/cloudforestcoffee.ca\/\",\"logo\":{\"@type\":\"ImageObject\",\"inLanguage\":\"fr-CA\",\"@id\":\"https:\/\/cloudforestcoffee.ca\/#\/schema\/logo\/image\/\",\"url\":\"https:\/\/cloudforestcoffee.ca\/wp-content\/uploads\/2021\/04\/CLOUD-FOREST-BLACK-1.png\",\"contentUrl\":\"https:\/\/cloudforestcoffee.ca\/wp-content\/uploads\/2021\/04\/CLOUD-FOREST-BLACK-1.png\",\"width\":4556,\"height\":890,\"caption\":\"CloudForest Coffee\"},\"image\":{\"@id\":\"https:\/\/cloudforestcoffee.ca\/#\/schema\/logo\/image\/\"}}]}<\/script>\n<!-- \/ Yoast SEO plugin. -->","yoast_head_json":{"title":"Caf\u00e9 d\u00e9caf\u00e9in\u00e9 | Commerce direct de caf\u00e9 canadien | CloudForest en ligne","description":"Savourez la saveur cors\u00e9e du caf\u00e9 CloudForest, sans aucun exc\u00e8s. Nos d\u00e9caf\u00e9in\u00e9s sont parfaits pour une telle occasion.","robots":{"index":"index","follow":"follow","max-snippet":"max-snippet:-1","max-image-preview":"max-image-preview:large","max-video-preview":"max-video-preview:-1"},"canonical":"https:\/\/cloudforestcoffee.ca\/fr\/produit\/decaf-dark-roast-coffee\/","og_locale":"fr_CA","og_type":"article","og_title":"Decaf Roast | Direct Trade Canadian Coffee | CloudForest Online","og_description":"Enjoy the full body flavour of CloudForest Coffee with none of the edge. Our decaf options are perfect for such an occasion.","og_url":"https:\/\/cloudforestcoffee.ca\/fr\/produit\/decaf-dark-roast-coffee\/","og_site_name":"Cloud Forest Coffee","article_modified_time":"2025-12-11T17:39:07+00:00","og_image":[{"width":1000,"height":1000,"url":"https:\/\/cloudforestcoffee.ca\/wp-content\/uploads\/2020\/09\/cloudforest3999.jpg","type":"image\/jpeg"}],"twitter_card":"summary_large_image","schema":{"@context":"https:\/\/schema.org","@graph":[{"@type":["WebPage","ItemPage"],"@id":"https:\/\/cloudforestcoffee.ca\/product\/decaf-dark-roast-coffee\/","url":"https:\/\/cloudforestcoffee.ca\/product\/decaf-dark-roast-coffee\/","name":"Caf\u00e9 d\u00e9caf\u00e9in\u00e9 | Commerce direct de caf\u00e9 canadien | CloudForest en ligne","isPartOf":{"@id":"https:\/\/cloudforestcoffee.ca\/#website"},"primaryImageOfPage":{"@id":"https:\/\/cloudforestcoffee.ca\/product\/decaf-dark-roast-coffee\/#primaryimage"},"image":{"@id":"https:\/\/cloudforestcoffee.ca\/product\/decaf-dark-roast-coffee\/#primaryimage"},"thumbnailUrl":"https:\/\/cloudforestcoffee.ca\/wp-content\/uploads\/2020\/09\/cloudforest3999.jpg","datePublished":"2020-09-08T16:04:29+00:00","dateModified":"2025-12-11T17:39:07+00:00","description":"Savourez la saveur cors\u00e9e du caf\u00e9 CloudForest, sans aucun exc\u00e8s. Nos d\u00e9caf\u00e9in\u00e9s sont parfaits pour une telle occasion.","breadcrumb":{"@id":"https:\/\/cloudforestcoffee.ca\/product\/decaf-dark-roast-coffee\/#breadcrumb"},"inLanguage":"fr-CA","potentialAction":[{"@type":"ReadAction","target":["https:\/\/cloudforestcoffee.ca\/product\/decaf-dark-roast-coffee\/"]}]},{"@type":"ImageObject","inLanguage":"fr-CA","@id":"https:\/\/cloudforestcoffee.ca\/product\/decaf-dark-roast-coffee\/#primaryimage","url":"https:\/\/cloudforestcoffee.ca\/wp-content\/uploads\/2020\/09\/cloudforest3999.jpg","contentUrl":"https:\/\/cloudforestcoffee.ca\/wp-content\/uploads\/2020\/09\/cloudforest3999.jpg","width":1000,"height":1000},{"@type":"BreadcrumbList","@id":"https:\/\/cloudforestcoffee.ca\/product\/decaf-dark-roast-coffee\/#breadcrumb","itemListElement":[{"@type":"ListItem","position":1,"name":"Home","item":"https:\/\/cloudforestcoffee.ca\/"},{"@type":"ListItem","position":2,"name":"Shop","item":"https:\/\/cloudforestcoffee.ca\/shop\/"},{"@type":"ListItem","position":3,"name":"Decaf Coffee"}]},{"@type":"WebSite","@id":"https:\/\/cloudforestcoffee.ca\/#website","url":"https:\/\/cloudforestcoffee.ca\/","name":"Caf\u00e9 CloudForest","description":"Maison","publisher":{"@id":"https:\/\/cloudforestcoffee.ca\/#organization"},"potentialAction":[{"@type":"SearchAction","target":{"@type":"EntryPoint","urlTemplate":"https:\/\/cloudforestcoffee.ca\/?s={search_term_string}"},"query-input":{"@type":"PropertyValueSpecification","valueRequired":true,"valueName":"search_term_string"}}],"inLanguage":"fr-CA"},{"@type":"Organization","@id":"https:\/\/cloudforestcoffee.ca\/#organization","name":"Caf\u00e9 CloudForest","url":"https:\/\/cloudforestcoffee.ca\/","logo":{"@type":"ImageObject","inLanguage":"fr-CA","@id":"https:\/\/cloudforestcoffee.ca\/#\/schema\/logo\/image\/","url":"https:\/\/cloudforestcoffee.ca\/wp-content\/uploads\/2021\/04\/CLOUD-FOREST-BLACK-1.png","contentUrl":"https:\/\/cloudforestcoffee.ca\/wp-content\/uploads\/2021\/04\/CLOUD-FOREST-BLACK-1.png","width":4556,"height":890,"caption":"CloudForest Coffee"},"image":{"@id":"https:\/\/cloudforestcoffee.ca\/#\/schema\/logo\/image\/"}}]}},"builder_content":"","_links":{"self":[{"href":"https:\/\/cloudforestcoffee.ca\/fr\/wp-json\/wp\/v2\/product\/1737","targetHints":{"allow":["GET"]}}],"collection":[{"href":"https:\/\/cloudforestcoffee.ca\/fr\/wp-json\/wp\/v2\/product"}],"about":[{"href":"https:\/\/cloudforestcoffee.ca\/fr\/wp-json\/wp\/v2\/types\/product"}],"replies":[{"embeddable":true,"href":"https:\/\/cloudforestcoffee.ca\/fr\/wp-json\/wp\/v2\/comments?post=1737"}],"wp:featuredmedia":[{"embeddable":true,"href":"https:\/\/cloudforestcoffee.ca\/fr\/wp-json\/wp\/v2\/media\/2101"}],"wp:attachment":[{"href":"https:\/\/cloudforestcoffee.ca\/fr\/wp-json\/wp\/v2\/media?parent=1737"}],"wp:term":[{"taxonomy":"product_brand","embeddable":true,"href":"https:\/\/cloudforestcoffee.ca\/fr\/wp-json\/wp\/v2\/product_brand?post=1737"},{"taxonomy":"product_cat","embeddable":true,"href":"https:\/\/cloudforestcoffee.ca\/fr\/wp-json\/wp\/v2\/product_cat?post=1737"},{"taxonomy":"product_tag","embeddable":true,"href":"https:\/\/cloudforestcoffee.ca\/fr\/wp-json\/wp\/v2\/product_tag?post=1737"}],"curies":[{"name":"wp","href":"https:\/\/api.w.org\/{rel}","templated":true}]}}