{"id":2136,"date":"2021-08-30T19:00:44","date_gmt":"2021-08-30T19:00:44","guid":{"rendered":"https:\/\/cloudforestcoffee.ca\/?post_type=product&#038;p=2136"},"modified":"2025-12-11T17:39:13","modified_gmt":"2025-12-11T17:39:13","slug":"espresso-roast","status":"publish","type":"product","link":"https:\/\/cloudforestcoffee.ca\/fr\/produit\/espresso-roast\/","title":{"rendered":"Torr\u00e9faction Espresso"},"content":{"rendered":"<!--themify_builder_content-->\n<div id=\"themify_builder_content-2136\" data-postid=\"2136\" class=\"themify_builder_content themify_builder_content-2136 themify_builder tf_clear\">\n    <\/div>\n<!--\/themify_builder_content-->","protected":false},"excerpt":{"rendered":"<div class=\"module module-text tb_rya3861\">\n<div class=\"tb_text_wrap\">\n<p>Ce profil de torr\u00e9faction se situe entre notre torr\u00e9faction moyenne et fonc\u00e9e, une torr\u00e9faction d'espresso classique, bien \u00e9quilibr\u00e9e pour une utilisation dans les cuisini\u00e8res italiennes ou les machines \u00e0 expresso. Pas aigre comme un expresso torr\u00e9fi\u00e9 l\u00e9ger, et pas trop gras et amer comme un expresso torr\u00e9fi\u00e9 fonc\u00e9. - celui-ci est juste. Ce r\u00f4ti a \u00e9galement bon go\u00fbt lorsqu'il est pr\u00e9par\u00e9 comme caf\u00e9 filtre ou \u00e0 verser!<\/p>\n<\/div>\n<\/div>","protected":false},"featured_media":2100,"comment_status":"closed","ping_status":"closed","template":"","meta":[],"product_brand":[],"product_cat":[41],"product_tag":[],"class_list":{"0":"post-2136","1":"product","2":"type-product","3":"status-publish","4":"has-post-thumbnail","6":"product_cat-uncategorized","7":"has-subscription-plans","8":"has-post-title","9":"has-post-date","10":"has-post-category","11":"has-post-tag","12":"has-post-comment","13":"has-post-author","14":"","16":"first","17":"instock","18":"purchasable","19":"product-type-variable"},"yoast_head":"<!-- This site is optimized with the Yoast SEO plugin v26.5 - https:\/\/yoast.com\/wordpress\/plugins\/seo\/ -->\n<title>Espresso Roast | Direct Trade Canadian Coffee | CloudForest Online<\/title>\n<meta name=\"description\" content=\"Order CloudForest Coffee&#039;s espresso roast online. Not sour like some light roasts, or too bitter like some dark roasts \u2013 it&#039;s just right.\" \/>\n<meta name=\"robots\" content=\"index, follow, max-snippet:-1, max-image-preview:large, max-video-preview:-1\" \/>\n<link rel=\"canonical\" href=\"https:\/\/cloudforestcoffee.ca\/fr\/produit\/espresso-roast\/\" \/>\n<meta property=\"og:locale\" content=\"fr_CA\" \/>\n<meta property=\"og:type\" content=\"article\" \/>\n<meta property=\"og:title\" content=\"Espresso Roast | Direct Trade Canadian Coffee | CloudForest Online\" \/>\n<meta property=\"og:description\" content=\"Order CloudForest Coffee&#039;s espresso roast online. Not sour like some light roasts, or too bitter like some dark roasts \u2013 it&#039;s just right.\" \/>\n<meta property=\"og:url\" content=\"https:\/\/cloudforestcoffee.ca\/fr\/produit\/espresso-roast\/\" \/>\n<meta property=\"og:site_name\" content=\"Cloud Forest Coffee\" \/>\n<meta property=\"article:modified_time\" content=\"2025-12-11T17:39:13+00:00\" \/>\n<meta property=\"og:image\" content=\"https:\/\/cloudforestcoffee.ca\/wp-content\/uploads\/2020\/09\/cloudforest3991.jpg\" \/>\n\t<meta property=\"og:image:width\" content=\"1000\" \/>\n\t<meta property=\"og:image:height\" content=\"1000\" \/>\n\t<meta property=\"og:image:type\" content=\"image\/jpeg\" \/>\n<meta name=\"twitter:card\" content=\"summary_large_image\" \/>\n<script type=\"application\/ld+json\" class=\"yoast-schema-graph\">{\"@context\":\"https:\/\/schema.org\",\"@graph\":[{\"@type\":[\"WebPage\",\"ItemPage\"],\"@id\":\"https:\/\/cloudforestcoffee.ca\/fr\/produit\/espresso-roast\/\",\"url\":\"https:\/\/cloudforestcoffee.ca\/fr\/produit\/espresso-roast\/\",\"name\":\"Espresso Roast | Direct Trade Canadian Coffee | CloudForest Online\",\"isPartOf\":{\"@id\":\"https:\/\/cloudforestcoffee.ca\/#website\"},\"primaryImageOfPage\":{\"@id\":\"https:\/\/cloudforestcoffee.ca\/fr\/produit\/espresso-roast\/#primaryimage\"},\"image\":{\"@id\":\"https:\/\/cloudforestcoffee.ca\/fr\/produit\/espresso-roast\/#primaryimage\"},\"thumbnailUrl\":\"https:\/\/cloudforestcoffee.ca\/wp-content\/uploads\/2020\/09\/cloudforest3991.jpg\",\"datePublished\":\"2021-08-30T19:00:44+00:00\",\"dateModified\":\"2025-12-11T17:39:13+00:00\",\"description\":\"Order CloudForest Coffee's espresso roast online. Not sour like some light roasts, or too bitter like some dark roasts \u2013 it's just right.\",\"breadcrumb\":{\"@id\":\"https:\/\/cloudforestcoffee.ca\/fr\/produit\/espresso-roast\/#breadcrumb\"},\"inLanguage\":\"fr-CA\",\"potentialAction\":[{\"@type\":\"ReadAction\",\"target\":[\"https:\/\/cloudforestcoffee.ca\/fr\/produit\/espresso-roast\/\"]}]},{\"@type\":\"ImageObject\",\"inLanguage\":\"fr-CA\",\"@id\":\"https:\/\/cloudforestcoffee.ca\/fr\/produit\/espresso-roast\/#primaryimage\",\"url\":\"https:\/\/cloudforestcoffee.ca\/wp-content\/uploads\/2020\/09\/cloudforest3991.jpg\",\"contentUrl\":\"https:\/\/cloudforestcoffee.ca\/wp-content\/uploads\/2020\/09\/cloudforest3991.jpg\",\"width\":1000,\"height\":1000},{\"@type\":\"BreadcrumbList\",\"@id\":\"https:\/\/cloudforestcoffee.ca\/fr\/produit\/espresso-roast\/#breadcrumb\",\"itemListElement\":[{\"@type\":\"ListItem\",\"position\":1,\"name\":\"Home\",\"item\":\"https:\/\/cloudforestcoffee.ca\/\"},{\"@type\":\"ListItem\",\"position\":2,\"name\":\"Shop\",\"item\":\"https:\/\/cloudforestcoffee.ca\/shop\/\"},{\"@type\":\"ListItem\",\"position\":3,\"name\":\"Espresso Roast\"}]},{\"@type\":\"WebSite\",\"@id\":\"https:\/\/cloudforestcoffee.ca\/#website\",\"url\":\"https:\/\/cloudforestcoffee.ca\/\",\"name\":\"Cloud Forest Coffee\",\"description\":\"Home\",\"publisher\":{\"@id\":\"https:\/\/cloudforestcoffee.ca\/#organization\"},\"potentialAction\":[{\"@type\":\"SearchAction\",\"target\":{\"@type\":\"EntryPoint\",\"urlTemplate\":\"https:\/\/cloudforestcoffee.ca\/?s={search_term_string}\"},\"query-input\":{\"@type\":\"PropertyValueSpecification\",\"valueRequired\":true,\"valueName\":\"search_term_string\"}}],\"inLanguage\":\"fr-CA\"},{\"@type\":\"Organization\",\"@id\":\"https:\/\/cloudforestcoffee.ca\/#organization\",\"name\":\"CloudForest Coffee\",\"url\":\"https:\/\/cloudforestcoffee.ca\/\",\"logo\":{\"@type\":\"ImageObject\",\"inLanguage\":\"fr-CA\",\"@id\":\"https:\/\/cloudforestcoffee.ca\/#\/schema\/logo\/image\/\",\"url\":\"https:\/\/cloudforestcoffee.ca\/wp-content\/uploads\/2021\/04\/CLOUD-FOREST-BLACK-1.png\",\"contentUrl\":\"https:\/\/cloudforestcoffee.ca\/wp-content\/uploads\/2021\/04\/CLOUD-FOREST-BLACK-1.png\",\"width\":4556,\"height\":890,\"caption\":\"CloudForest Coffee\"},\"image\":{\"@id\":\"https:\/\/cloudforestcoffee.ca\/#\/schema\/logo\/image\/\"}}]}<\/script>\n<!-- \/ Yoast SEO plugin. -->","yoast_head_json":{"title":"Torr\u00e9faction expresso | Caf\u00e9 canadien issu du commerce \u00e9quitable | CloudForest Online","description":"Commandez en ligne le caf\u00e9 espresso de CloudForest Coffee. Ni trop acide comme certains caf\u00e9s \u00e0 torr\u00e9faction l\u00e9g\u00e8re, ni trop amer comme certains caf\u00e9s \u00e0 torr\u00e9faction fonc\u00e9e, il est tout simplement parfait.","robots":{"index":"index","follow":"follow","max-snippet":"max-snippet:-1","max-image-preview":"max-image-preview:large","max-video-preview":"max-video-preview:-1"},"canonical":"https:\/\/cloudforestcoffee.ca\/fr\/produit\/espresso-roast\/","og_locale":"fr_CA","og_type":"article","og_title":"Espresso Roast | Direct Trade Canadian Coffee | CloudForest Online","og_description":"Order CloudForest Coffee's espresso roast online. Not sour like some light roasts, or too bitter like some dark roasts \u2013 it's just right.","og_url":"https:\/\/cloudforestcoffee.ca\/fr\/produit\/espresso-roast\/","og_site_name":"Cloud Forest Coffee","article_modified_time":"2025-12-11T17:39:13+00:00","og_image":[{"width":1000,"height":1000,"url":"https:\/\/cloudforestcoffee.ca\/wp-content\/uploads\/2020\/09\/cloudforest3991.jpg","type":"image\/jpeg"}],"twitter_card":"summary_large_image","schema":{"@context":"https:\/\/schema.org","@graph":[{"@type":["WebPage","ItemPage"],"@id":"https:\/\/cloudforestcoffee.ca\/fr\/produit\/espresso-roast\/","url":"https:\/\/cloudforestcoffee.ca\/fr\/produit\/espresso-roast\/","name":"Torr\u00e9faction expresso | Caf\u00e9 canadien issu du commerce \u00e9quitable | CloudForest Online","isPartOf":{"@id":"https:\/\/cloudforestcoffee.ca\/#website"},"primaryImageOfPage":{"@id":"https:\/\/cloudforestcoffee.ca\/fr\/produit\/espresso-roast\/#primaryimage"},"image":{"@id":"https:\/\/cloudforestcoffee.ca\/fr\/produit\/espresso-roast\/#primaryimage"},"thumbnailUrl":"https:\/\/cloudforestcoffee.ca\/wp-content\/uploads\/2020\/09\/cloudforest3991.jpg","datePublished":"2021-08-30T19:00:44+00:00","dateModified":"2025-12-11T17:39:13+00:00","description":"Commandez en ligne le caf\u00e9 espresso de CloudForest Coffee. Ni trop acide comme certains caf\u00e9s \u00e0 torr\u00e9faction l\u00e9g\u00e8re, ni trop amer comme certains caf\u00e9s \u00e0 torr\u00e9faction fonc\u00e9e, il est tout simplement parfait.","breadcrumb":{"@id":"https:\/\/cloudforestcoffee.ca\/fr\/produit\/espresso-roast\/#breadcrumb"},"inLanguage":"fr-CA","potentialAction":[{"@type":"ReadAction","target":["https:\/\/cloudforestcoffee.ca\/fr\/produit\/espresso-roast\/"]}]},{"@type":"ImageObject","inLanguage":"fr-CA","@id":"https:\/\/cloudforestcoffee.ca\/fr\/produit\/espresso-roast\/#primaryimage","url":"https:\/\/cloudforestcoffee.ca\/wp-content\/uploads\/2020\/09\/cloudforest3991.jpg","contentUrl":"https:\/\/cloudforestcoffee.ca\/wp-content\/uploads\/2020\/09\/cloudforest3991.jpg","width":1000,"height":1000},{"@type":"BreadcrumbList","@id":"https:\/\/cloudforestcoffee.ca\/fr\/produit\/espresso-roast\/#breadcrumb","itemListElement":[{"@type":"ListItem","position":1,"name":"Home","item":"https:\/\/cloudforestcoffee.ca\/"},{"@type":"ListItem","position":2,"name":"Shop","item":"https:\/\/cloudforestcoffee.ca\/shop\/"},{"@type":"ListItem","position":3,"name":"Espresso Roast"}]},{"@type":"WebSite","@id":"https:\/\/cloudforestcoffee.ca\/#website","url":"https:\/\/cloudforestcoffee.ca\/","name":"Caf\u00e9 CloudForest","description":"Maison","publisher":{"@id":"https:\/\/cloudforestcoffee.ca\/#organization"},"potentialAction":[{"@type":"SearchAction","target":{"@type":"EntryPoint","urlTemplate":"https:\/\/cloudforestcoffee.ca\/?s={search_term_string}"},"query-input":{"@type":"PropertyValueSpecification","valueRequired":true,"valueName":"search_term_string"}}],"inLanguage":"fr-CA"},{"@type":"Organization","@id":"https:\/\/cloudforestcoffee.ca\/#organization","name":"Caf\u00e9 CloudForest","url":"https:\/\/cloudforestcoffee.ca\/","logo":{"@type":"ImageObject","inLanguage":"fr-CA","@id":"https:\/\/cloudforestcoffee.ca\/#\/schema\/logo\/image\/","url":"https:\/\/cloudforestcoffee.ca\/wp-content\/uploads\/2021\/04\/CLOUD-FOREST-BLACK-1.png","contentUrl":"https:\/\/cloudforestcoffee.ca\/wp-content\/uploads\/2021\/04\/CLOUD-FOREST-BLACK-1.png","width":4556,"height":890,"caption":"CloudForest Coffee"},"image":{"@id":"https:\/\/cloudforestcoffee.ca\/#\/schema\/logo\/image\/"}}]}},"builder_content":"","_links":{"self":[{"href":"https:\/\/cloudforestcoffee.ca\/fr\/wp-json\/wp\/v2\/product\/2136","targetHints":{"allow":["GET"]}}],"collection":[{"href":"https:\/\/cloudforestcoffee.ca\/fr\/wp-json\/wp\/v2\/product"}],"about":[{"href":"https:\/\/cloudforestcoffee.ca\/fr\/wp-json\/wp\/v2\/types\/product"}],"replies":[{"embeddable":true,"href":"https:\/\/cloudforestcoffee.ca\/fr\/wp-json\/wp\/v2\/comments?post=2136"}],"wp:featuredmedia":[{"embeddable":true,"href":"https:\/\/cloudforestcoffee.ca\/fr\/wp-json\/wp\/v2\/media\/2100"}],"wp:attachment":[{"href":"https:\/\/cloudforestcoffee.ca\/fr\/wp-json\/wp\/v2\/media?parent=2136"}],"wp:term":[{"taxonomy":"product_brand","embeddable":true,"href":"https:\/\/cloudforestcoffee.ca\/fr\/wp-json\/wp\/v2\/product_brand?post=2136"},{"taxonomy":"product_cat","embeddable":true,"href":"https:\/\/cloudforestcoffee.ca\/fr\/wp-json\/wp\/v2\/product_cat?post=2136"},{"taxonomy":"product_tag","embeddable":true,"href":"https:\/\/cloudforestcoffee.ca\/fr\/wp-json\/wp\/v2\/product_tag?post=2136"}],"curies":[{"name":"wp","href":"https:\/\/api.w.org\/{rel}","templated":true}]}}