{"id":2274,"date":"2022-03-08T19:15:45","date_gmt":"2022-03-08T19:15:45","guid":{"rendered":"https:\/\/cloudforestcoffee.ca\/?post_type=product&#038;p=2274"},"modified":"2025-12-11T17:39:15","modified_gmt":"2025-12-11T17:39:15","slug":"harmony-roast","status":"publish","type":"product","link":"https:\/\/cloudforestcoffee.ca\/fr\/produit\/harmony-roast\/","title":{"rendered":"R\u00f4ti Harmony"},"content":{"rendered":"<!--themify_builder_content-->\n<div id=\"themify_builder_content-2274\" data-postid=\"2274\" class=\"themify_builder_content themify_builder_content-2274 themify_builder tf_clear\">\n    <\/div>\n<!--\/themify_builder_content-->","protected":false},"excerpt":{"rendered":"<p>La bourse Pi\u00f1\u00e1n x CloudForest s&#039;inscrit dans le cadre de notre initiative de solidarit\u00e9 \u00e0 long terme visant \u00e0 offrir des opportunit\u00e9s d&#039;\u00e9ducation durable aux jeunes de Pi\u00f1\u00e1n, en \u00c9quateur, qui n&#039;ont jamais eu la chance de poursuivre leurs \u00e9tudes dans leur village rural. Chaque achat d&#039;Harmony Roast permet de verser $5 au fonds de bourses et est directement revers\u00e9 aux candidats admissibles. Ce fonds est porteur d&#039;espoir pour les \u00e9tudiants et leurs familles et contribue grandement \u00e0 am\u00e9liorer les mentalit\u00e9s et les perspectives d&#039;avenir dans ce village.<\/p>","protected":false},"featured_media":2102,"comment_status":"closed","ping_status":"closed","template":"","meta":[],"product_brand":[],"product_cat":[41],"product_tag":[],"class_list":{"0":"post-2274","1":"product","2":"type-product","3":"status-publish","4":"has-post-thumbnail","6":"product_cat-uncategorized","7":"has-subscription-plans","8":"has-post-title","9":"has-post-date","10":"has-post-category","11":"has-post-tag","12":"has-post-comment","13":"has-post-author","14":"","16":"first","17":"instock","18":"purchasable","19":"product-type-variable"},"yoast_head":"<!-- This site is optimized with the Yoast SEO plugin v26.5 - https:\/\/yoast.com\/wordpress\/plugins\/seo\/ -->\n<title>Espresso Roast | Direct Trade Canadian Coffee | CloudForest Online<\/title>\n<meta name=\"description\" content=\"Order CloudForest Coffee&#039;s espresso roast online. Not sour like some light roasts, or too bitter like some dark roasts \u2013 it&#039;s just right.\" \/>\n<meta name=\"robots\" content=\"index, follow, max-snippet:-1, max-image-preview:large, max-video-preview:-1\" \/>\n<link rel=\"canonical\" href=\"https:\/\/cloudforestcoffee.ca\/fr\/produit\/harmony-roast\/\" \/>\n<meta property=\"og:locale\" content=\"fr_CA\" \/>\n<meta property=\"og:type\" content=\"article\" \/>\n<meta property=\"og:title\" content=\"Espresso Roast | Direct Trade Canadian Coffee | CloudForest Online\" \/>\n<meta property=\"og:description\" content=\"Order CloudForest Coffee&#039;s espresso roast online. Not sour like some light roasts, or too bitter like some dark roasts \u2013 it&#039;s just right.\" \/>\n<meta property=\"og:url\" content=\"https:\/\/cloudforestcoffee.ca\/fr\/produit\/harmony-roast\/\" \/>\n<meta property=\"og:site_name\" content=\"Cloud Forest Coffee\" \/>\n<meta property=\"article:modified_time\" content=\"2025-12-11T17:39:15+00:00\" \/>\n<meta property=\"og:image\" content=\"https:\/\/cloudforestcoffee.ca\/wp-content\/uploads\/2020\/09\/cloudforest4001.jpg\" \/>\n\t<meta property=\"og:image:width\" content=\"1000\" \/>\n\t<meta property=\"og:image:height\" content=\"1000\" \/>\n\t<meta property=\"og:image:type\" content=\"image\/jpeg\" \/>\n<meta name=\"twitter:card\" content=\"summary_large_image\" \/>\n<script type=\"application\/ld+json\" class=\"yoast-schema-graph\">{\"@context\":\"https:\/\/schema.org\",\"@graph\":[{\"@type\":[\"WebPage\",\"ItemPage\"],\"@id\":\"https:\/\/cloudforestcoffee.ca\/product\/harmony-roast\/\",\"url\":\"https:\/\/cloudforestcoffee.ca\/product\/harmony-roast\/\",\"name\":\"Espresso Roast | Direct Trade Canadian Coffee | CloudForest Online\",\"isPartOf\":{\"@id\":\"https:\/\/cloudforestcoffee.ca\/#website\"},\"primaryImageOfPage\":{\"@id\":\"https:\/\/cloudforestcoffee.ca\/product\/harmony-roast\/#primaryimage\"},\"image\":{\"@id\":\"https:\/\/cloudforestcoffee.ca\/product\/harmony-roast\/#primaryimage\"},\"thumbnailUrl\":\"https:\/\/cloudforestcoffee.ca\/wp-content\/uploads\/2020\/09\/cloudforest4001.jpg\",\"datePublished\":\"2022-03-08T19:15:45+00:00\",\"dateModified\":\"2025-12-11T17:39:15+00:00\",\"description\":\"Order CloudForest Coffee's espresso roast online. Not sour like some light roasts, or too bitter like some dark roasts \u2013 it's just right.\",\"breadcrumb\":{\"@id\":\"https:\/\/cloudforestcoffee.ca\/product\/harmony-roast\/#breadcrumb\"},\"inLanguage\":\"fr-CA\",\"potentialAction\":[{\"@type\":\"ReadAction\",\"target\":[\"https:\/\/cloudforestcoffee.ca\/product\/harmony-roast\/\"]}]},{\"@type\":\"ImageObject\",\"inLanguage\":\"fr-CA\",\"@id\":\"https:\/\/cloudforestcoffee.ca\/product\/harmony-roast\/#primaryimage\",\"url\":\"https:\/\/cloudforestcoffee.ca\/wp-content\/uploads\/2020\/09\/cloudforest4001.jpg\",\"contentUrl\":\"https:\/\/cloudforestcoffee.ca\/wp-content\/uploads\/2020\/09\/cloudforest4001.jpg\",\"width\":1000,\"height\":1000},{\"@type\":\"BreadcrumbList\",\"@id\":\"https:\/\/cloudforestcoffee.ca\/product\/harmony-roast\/#breadcrumb\",\"itemListElement\":[{\"@type\":\"ListItem\",\"position\":1,\"name\":\"Home\",\"item\":\"https:\/\/cloudforestcoffee.ca\/\"},{\"@type\":\"ListItem\",\"position\":2,\"name\":\"Shop\",\"item\":\"https:\/\/cloudforestcoffee.ca\/shop\/\"},{\"@type\":\"ListItem\",\"position\":3,\"name\":\"Harmony Roast\"}]},{\"@type\":\"WebSite\",\"@id\":\"https:\/\/cloudforestcoffee.ca\/#website\",\"url\":\"https:\/\/cloudforestcoffee.ca\/\",\"name\":\"Cloud Forest Coffee\",\"description\":\"Home\",\"publisher\":{\"@id\":\"https:\/\/cloudforestcoffee.ca\/#organization\"},\"potentialAction\":[{\"@type\":\"SearchAction\",\"target\":{\"@type\":\"EntryPoint\",\"urlTemplate\":\"https:\/\/cloudforestcoffee.ca\/?s={search_term_string}\"},\"query-input\":{\"@type\":\"PropertyValueSpecification\",\"valueRequired\":true,\"valueName\":\"search_term_string\"}}],\"inLanguage\":\"fr-CA\"},{\"@type\":\"Organization\",\"@id\":\"https:\/\/cloudforestcoffee.ca\/#organization\",\"name\":\"CloudForest Coffee\",\"url\":\"https:\/\/cloudforestcoffee.ca\/\",\"logo\":{\"@type\":\"ImageObject\",\"inLanguage\":\"fr-CA\",\"@id\":\"https:\/\/cloudforestcoffee.ca\/#\/schema\/logo\/image\/\",\"url\":\"https:\/\/cloudforestcoffee.ca\/wp-content\/uploads\/2021\/04\/CLOUD-FOREST-BLACK-1.png\",\"contentUrl\":\"https:\/\/cloudforestcoffee.ca\/wp-content\/uploads\/2021\/04\/CLOUD-FOREST-BLACK-1.png\",\"width\":4556,\"height\":890,\"caption\":\"CloudForest Coffee\"},\"image\":{\"@id\":\"https:\/\/cloudforestcoffee.ca\/#\/schema\/logo\/image\/\"}}]}<\/script>\n<!-- \/ Yoast SEO plugin. -->","yoast_head_json":{"title":"Torr\u00e9faction expresso | Caf\u00e9 canadien issu du commerce \u00e9quitable | CloudForest Online","description":"Commandez en ligne le caf\u00e9 espresso de CloudForest Coffee. Ni trop acide comme certains caf\u00e9s \u00e0 torr\u00e9faction l\u00e9g\u00e8re, ni trop amer comme certains caf\u00e9s \u00e0 torr\u00e9faction fonc\u00e9e, il est tout simplement parfait.","robots":{"index":"index","follow":"follow","max-snippet":"max-snippet:-1","max-image-preview":"max-image-preview:large","max-video-preview":"max-video-preview:-1"},"canonical":"https:\/\/cloudforestcoffee.ca\/fr\/produit\/harmony-roast\/","og_locale":"fr_CA","og_type":"article","og_title":"Espresso Roast | Direct Trade Canadian Coffee | CloudForest Online","og_description":"Order CloudForest Coffee's espresso roast online. Not sour like some light roasts, or too bitter like some dark roasts \u2013 it's just right.","og_url":"https:\/\/cloudforestcoffee.ca\/fr\/produit\/harmony-roast\/","og_site_name":"Cloud Forest Coffee","article_modified_time":"2025-12-11T17:39:15+00:00","og_image":[{"width":1000,"height":1000,"url":"https:\/\/cloudforestcoffee.ca\/wp-content\/uploads\/2020\/09\/cloudforest4001.jpg","type":"image\/jpeg"}],"twitter_card":"summary_large_image","schema":{"@context":"https:\/\/schema.org","@graph":[{"@type":["WebPage","ItemPage"],"@id":"https:\/\/cloudforestcoffee.ca\/product\/harmony-roast\/","url":"https:\/\/cloudforestcoffee.ca\/product\/harmony-roast\/","name":"Torr\u00e9faction expresso | Caf\u00e9 canadien issu du commerce \u00e9quitable | CloudForest Online","isPartOf":{"@id":"https:\/\/cloudforestcoffee.ca\/#website"},"primaryImageOfPage":{"@id":"https:\/\/cloudforestcoffee.ca\/product\/harmony-roast\/#primaryimage"},"image":{"@id":"https:\/\/cloudforestcoffee.ca\/product\/harmony-roast\/#primaryimage"},"thumbnailUrl":"https:\/\/cloudforestcoffee.ca\/wp-content\/uploads\/2020\/09\/cloudforest4001.jpg","datePublished":"2022-03-08T19:15:45+00:00","dateModified":"2025-12-11T17:39:15+00:00","description":"Commandez en ligne le caf\u00e9 espresso de CloudForest Coffee. Ni trop acide comme certains caf\u00e9s \u00e0 torr\u00e9faction l\u00e9g\u00e8re, ni trop amer comme certains caf\u00e9s \u00e0 torr\u00e9faction fonc\u00e9e, il est tout simplement parfait.","breadcrumb":{"@id":"https:\/\/cloudforestcoffee.ca\/product\/harmony-roast\/#breadcrumb"},"inLanguage":"fr-CA","potentialAction":[{"@type":"ReadAction","target":["https:\/\/cloudforestcoffee.ca\/product\/harmony-roast\/"]}]},{"@type":"ImageObject","inLanguage":"fr-CA","@id":"https:\/\/cloudforestcoffee.ca\/product\/harmony-roast\/#primaryimage","url":"https:\/\/cloudforestcoffee.ca\/wp-content\/uploads\/2020\/09\/cloudforest4001.jpg","contentUrl":"https:\/\/cloudforestcoffee.ca\/wp-content\/uploads\/2020\/09\/cloudforest4001.jpg","width":1000,"height":1000},{"@type":"BreadcrumbList","@id":"https:\/\/cloudforestcoffee.ca\/product\/harmony-roast\/#breadcrumb","itemListElement":[{"@type":"ListItem","position":1,"name":"Home","item":"https:\/\/cloudforestcoffee.ca\/"},{"@type":"ListItem","position":2,"name":"Shop","item":"https:\/\/cloudforestcoffee.ca\/shop\/"},{"@type":"ListItem","position":3,"name":"Harmony Roast"}]},{"@type":"WebSite","@id":"https:\/\/cloudforestcoffee.ca\/#website","url":"https:\/\/cloudforestcoffee.ca\/","name":"Caf\u00e9 CloudForest","description":"Maison","publisher":{"@id":"https:\/\/cloudforestcoffee.ca\/#organization"},"potentialAction":[{"@type":"SearchAction","target":{"@type":"EntryPoint","urlTemplate":"https:\/\/cloudforestcoffee.ca\/?s={search_term_string}"},"query-input":{"@type":"PropertyValueSpecification","valueRequired":true,"valueName":"search_term_string"}}],"inLanguage":"fr-CA"},{"@type":"Organization","@id":"https:\/\/cloudforestcoffee.ca\/#organization","name":"Caf\u00e9 CloudForest","url":"https:\/\/cloudforestcoffee.ca\/","logo":{"@type":"ImageObject","inLanguage":"fr-CA","@id":"https:\/\/cloudforestcoffee.ca\/#\/schema\/logo\/image\/","url":"https:\/\/cloudforestcoffee.ca\/wp-content\/uploads\/2021\/04\/CLOUD-FOREST-BLACK-1.png","contentUrl":"https:\/\/cloudforestcoffee.ca\/wp-content\/uploads\/2021\/04\/CLOUD-FOREST-BLACK-1.png","width":4556,"height":890,"caption":"CloudForest Coffee"},"image":{"@id":"https:\/\/cloudforestcoffee.ca\/#\/schema\/logo\/image\/"}}]}},"builder_content":"","_links":{"self":[{"href":"https:\/\/cloudforestcoffee.ca\/fr\/wp-json\/wp\/v2\/product\/2274","targetHints":{"allow":["GET"]}}],"collection":[{"href":"https:\/\/cloudforestcoffee.ca\/fr\/wp-json\/wp\/v2\/product"}],"about":[{"href":"https:\/\/cloudforestcoffee.ca\/fr\/wp-json\/wp\/v2\/types\/product"}],"replies":[{"embeddable":true,"href":"https:\/\/cloudforestcoffee.ca\/fr\/wp-json\/wp\/v2\/comments?post=2274"}],"wp:featuredmedia":[{"embeddable":true,"href":"https:\/\/cloudforestcoffee.ca\/fr\/wp-json\/wp\/v2\/media\/2102"}],"wp:attachment":[{"href":"https:\/\/cloudforestcoffee.ca\/fr\/wp-json\/wp\/v2\/media?parent=2274"}],"wp:term":[{"taxonomy":"product_brand","embeddable":true,"href":"https:\/\/cloudforestcoffee.ca\/fr\/wp-json\/wp\/v2\/product_brand?post=2274"},{"taxonomy":"product_cat","embeddable":true,"href":"https:\/\/cloudforestcoffee.ca\/fr\/wp-json\/wp\/v2\/product_cat?post=2274"},{"taxonomy":"product_tag","embeddable":true,"href":"https:\/\/cloudforestcoffee.ca\/fr\/wp-json\/wp\/v2\/product_tag?post=2274"}],"curies":[{"name":"wp","href":"https:\/\/api.w.org\/{rel}","templated":true}]}}